{"id":10676,"date":"2024-07-04T11:50:45","date_gmt":"2024-07-04T11:50:45","guid":{"rendered":"http:\/\/www.esquinautico.cl\/?page_id=10676"},"modified":"2024-09-23T11:19:30","modified_gmt":"2024-09-23T11:19:30","slug":"panamericano-colombia-2024","status":"publish","type":"page","link":"http:\/\/www.esquinautico.cl\/?page_id=10676","title":{"rendered":"PANAMERICANO COLOMBIA 2024"},"content":{"rendered":"\n<p>El Club Los Lagartos de Bogot\u00e1 ser\u00e1 el escenario donde se disputar\u00e1 la edici\u00f3n 2024 del Campeonato Panamericano de Esqu\u00ed N\u00e1utico.<\/p>\n\n\n\n<p>El certamen, que contempla la disputa de medallas en las categor\u00edas Sub14, Sub17, Sub21 y Open, se efectuar\u00e1 entre el martes 8 y s\u00e1bado 12 de octubre.<\/p>\n\n\n\n<p>El Comit\u00e9 Organizador del torneo emiti\u00f3 el <a href=\"http:\/\/www.esquinautico.cl\/wp-content\/uploads\/2024\/07\/BOLETIN-002-CAMPEONATO-PANAMERICANO-DE-ESQUI-V001.pdf\"><strong>segundo bolet\u00edn<\/strong><\/a>, que contiene toda la informaci\u00f3n t\u00e9cnica del evento.<\/p>\n\n\n\n<figure class=\"wp-block-image size-large\"><a href=\"http:\/\/www.esquinautico.cl\/wp-content\/uploads\/2024\/09\/PANAM-2-scaled.jpg\"><img loading=\"lazy\" width=\"731\" height=\"1024\" src=\"http:\/\/www.esquinautico.cl\/wp-content\/uploads\/2024\/09\/PANAM-2-731x1024.jpg\" alt=\"\" class=\"wp-image-10753\" srcset=\"http:\/\/www.esquinautico.cl\/wp-content\/uploads\/2024\/09\/PANAM-2-731x1024.jpg 731w, http:\/\/www.esquinautico.cl\/wp-content\/uploads\/2024\/09\/PANAM-2-214x300.jpg 214w, http:\/\/www.esquinautico.cl\/wp-content\/uploads\/2024\/09\/PANAM-2-768x1076.jpg 768w, http:\/\/www.esquinautico.cl\/wp-content\/uploads\/2024\/09\/PANAM-2-1097x1536.jpg 1097w, http:\/\/www.esquinautico.cl\/wp-content\/uploads\/2024\/09\/PANAM-2-1462x2048.jpg 1462w, http:\/\/www.esquinautico.cl\/wp-content\/uploads\/2024\/09\/PANAM-2-scaled.jpg 1828w\" sizes=\"(max-width: 731px) 100vw, 731px\" \/><\/a><\/figure>\n","protected":false},"excerpt":{"rendered":"<p>El Club Los Lagartos de Bogot\u00e1 ser\u00e1 el escenario donde se disputar\u00e1 la edici\u00f3n 2024 del Campeonato Panamericano de Esqu\u00ed<\/p>\n","protected":false},"author":2,"featured_media":10677,"parent":0,"menu_order":0,"comment_status":"closed","ping_status":"closed","template":"","meta":[],"_links":{"self":[{"href":"http:\/\/www.esquinautico.cl\/index.php?rest_route=\/wp\/v2\/pages\/10676"}],"collection":[{"href":"http:\/\/www.esquinautico.cl\/index.php?rest_route=\/wp\/v2\/pages"}],"about":[{"href":"http:\/\/www.esquinautico.cl\/index.php?rest_route=\/wp\/v2\/types\/page"}],"author":[{"embeddable":true,"href":"http:\/\/www.esquinautico.cl\/index.php?rest_route=\/wp\/v2\/users\/2"}],"replies":[{"embeddable":true,"href":"http:\/\/www.esquinautico.cl\/index.php?rest_route=%2Fwp%2Fv2%2Fcomments&post=10676"}],"version-history":[{"count":3,"href":"http:\/\/www.esquinautico.cl\/index.php?rest_route=\/wp\/v2\/pages\/10676\/revisions"}],"predecessor-version":[{"id":10754,"href":"http:\/\/www.esquinautico.cl\/index.php?rest_route=\/wp\/v2\/pages\/10676\/revisions\/10754"}],"wp:featuredmedia":[{"embeddable":true,"href":"http:\/\/www.esquinautico.cl\/index.php?rest_route=\/wp\/v2\/media\/10677"}],"wp:attachment":[{"href":"http:\/\/www.esquinautico.cl\/index.php?rest_route=%2Fwp%2Fv2%2Fmedia&parent=10676"}],"curies":[{"name":"wp","href":"https:\/\/api.w.org\/{rel}","templated":true}]}}