{"id":10945,"date":"2025-05-02T15:15:45","date_gmt":"2025-05-02T15:15:45","guid":{"rendered":"http:\/\/www.esquinautico.cl\/?page_id=10945"},"modified":"2025-05-02T15:15:45","modified_gmt":"2025-05-02T15:15:45","slug":"protocolo-contra-el-abuso","status":"publish","type":"page","link":"http:\/\/www.esquinautico.cl\/?page_id=10945","title":{"rendered":"PROTOCOLO CONTRA EL ABUSO"},"content":{"rendered":"\n<p>La ley N\u00b0 21.197 contra el Abuso sexual, Acoso sexual, Discriminaci\u00f3n y Maltrato en la actividad deportiva nacional, mandat\u00f3 al Ministerio del Deporte la elaboraci\u00f3n y aprobaci\u00f3n, mediante decreto supremo, de un protocolo general para la prevenci\u00f3n y sanci\u00f3n de las se\u00f1aladas conductas.<\/p>\n\n\n\n<p>El 29 de abril de 2025, la Federaci\u00f3n Chilena de Esqu\u00ed N\u00e1utico y Wakeboard a trav\u00e9s de Asamblea Ordinaria nombr\u00f3 a sus nuevos Representantes Institucionales:<\/p>\n\n\n\n<ul><li><strong>Representante Titular: Lupita Cornejo\u00a0<\/strong>\u2013 +56 9 9706 9652<\/li><li><strong>Representante Suplente: Alejandro Kitzing \u2013\u00a0<\/strong>+56 9 9842 8000<\/li><\/ul>\n","protected":false},"excerpt":{"rendered":"<p>La ley N\u00b0 21.197 contra el Abuso sexual, Acoso sexual, Discriminaci\u00f3n y Maltrato en la actividad deportiva nacional, mandat\u00f3 al<\/p>\n","protected":false},"author":2,"featured_media":10946,"parent":0,"menu_order":0,"comment_status":"closed","ping_status":"closed","template":"","meta":[],"_links":{"self":[{"href":"http:\/\/www.esquinautico.cl\/index.php?rest_route=\/wp\/v2\/pages\/10945"}],"collection":[{"href":"http:\/\/www.esquinautico.cl\/index.php?rest_route=\/wp\/v2\/pages"}],"about":[{"href":"http:\/\/www.esquinautico.cl\/index.php?rest_route=\/wp\/v2\/types\/page"}],"author":[{"embeddable":true,"href":"http:\/\/www.esquinautico.cl\/index.php?rest_route=\/wp\/v2\/users\/2"}],"replies":[{"embeddable":true,"href":"http:\/\/www.esquinautico.cl\/index.php?rest_route=%2Fwp%2Fv2%2Fcomments&post=10945"}],"version-history":[{"count":1,"href":"http:\/\/www.esquinautico.cl\/index.php?rest_route=\/wp\/v2\/pages\/10945\/revisions"}],"predecessor-version":[{"id":10947,"href":"http:\/\/www.esquinautico.cl\/index.php?rest_route=\/wp\/v2\/pages\/10945\/revisions\/10947"}],"wp:featuredmedia":[{"embeddable":true,"href":"http:\/\/www.esquinautico.cl\/index.php?rest_route=\/wp\/v2\/media\/10946"}],"wp:attachment":[{"href":"http:\/\/www.esquinautico.cl\/index.php?rest_route=%2Fwp%2Fv2%2Fmedia&parent=10945"}],"curies":[{"name":"wp","href":"https:\/\/api.w.org\/{rel}","templated":true}]}}