{"id":11059,"date":"2025-09-30T17:26:58","date_gmt":"2025-09-30T17:26:58","guid":{"rendered":"http:\/\/www.esquinautico.cl\/?page_id=11059"},"modified":"2025-09-30T17:33:05","modified_gmt":"2025-09-30T17:33:05","slug":"mundial-u17-argentina-2017","status":"publish","type":"page","link":"http:\/\/www.esquinautico.cl\/?page_id=11059","title":{"rendered":"MUNDIAL U17 &#8211; ARGENTINA 2026"},"content":{"rendered":"\n<p>Aqu\u00ed est\u00e1 la informaci\u00f3n oficial del evento que se realizar\u00e1 entre el 30 de marzo y el 5 de abril del pr\u00f3ximo a\u00f1o en C\u00f3rdoba, Argentina. <\/p>\n\n\n\n<ul><li>DESCARGAR: <a href=\"http:\/\/www.esquinautico.cl\/wp-content\/uploads\/2025\/09\/2026-IWWF-World-U17-Waterski-Bulletin-No-1.pdf\"><strong>BOLET\u00cdN OFICIAL N\u00daMERO 1<\/strong><\/a><\/li><\/ul>\n","protected":false},"excerpt":{"rendered":"<p>Aqu\u00ed est\u00e1 la informaci\u00f3n oficial del evento que se realizar\u00e1 entre el 30 de marzo y el 5 de abril<\/p>\n","protected":false},"author":2,"featured_media":0,"parent":0,"menu_order":0,"comment_status":"closed","ping_status":"closed","template":"","meta":[],"_links":{"self":[{"href":"http:\/\/www.esquinautico.cl\/index.php?rest_route=\/wp\/v2\/pages\/11059"}],"collection":[{"href":"http:\/\/www.esquinautico.cl\/index.php?rest_route=\/wp\/v2\/pages"}],"about":[{"href":"http:\/\/www.esquinautico.cl\/index.php?rest_route=\/wp\/v2\/types\/page"}],"author":[{"embeddable":true,"href":"http:\/\/www.esquinautico.cl\/index.php?rest_route=\/wp\/v2\/users\/2"}],"replies":[{"embeddable":true,"href":"http:\/\/www.esquinautico.cl\/index.php?rest_route=%2Fwp%2Fv2%2Fcomments&post=11059"}],"version-history":[{"count":5,"href":"http:\/\/www.esquinautico.cl\/index.php?rest_route=\/wp\/v2\/pages\/11059\/revisions"}],"predecessor-version":[{"id":11102,"href":"http:\/\/www.esquinautico.cl\/index.php?rest_route=\/wp\/v2\/pages\/11059\/revisions\/11102"}],"wp:attachment":[{"href":"http:\/\/www.esquinautico.cl\/index.php?rest_route=%2Fwp%2Fv2%2Fmedia&parent=11059"}],"curies":[{"name":"wp","href":"https:\/\/api.w.org\/{rel}","templated":true}]}}