{"id":6481,"date":"2016-03-28T19:00:18","date_gmt":"2016-03-28T19:00:18","guid":{"rendered":"http:\/\/www.esquinautico.cl\/?page_id=6481"},"modified":"2018-01-19T18:04:37","modified_gmt":"2018-01-19T18:04:37","slug":"wwc-2001","status":"publish","type":"page","link":"http:\/\/www.esquinautico.cl\/?page_id=6481","title":{"rendered":"MUNDIAL OPEN ITALIA 2001"},"content":{"rendered":"<p>En Recetto, Chile se present\u00f3 con los overollistas Francisco y Rodrigo Miranda y el slalomista Carlos Chicharro. Una lesi\u00f3n impidi\u00f3 a \u00faltimo minuto a Rodolfo Guzm\u00e1n integrar el equipo que actu\u00f3 en Italia.<\/p>\n<p>En la pista, el logro m\u00e1s destacado de la actuaci\u00f3n chilena fue el 17\u00ba lugar de Rodrigo Miranda en el overall masculino. \u00abToti\u00bb con 19 a\u00f1os bati\u00f3 el r\u00e9cord de Chile de slalom y logr\u00f3 buenos registros en figuras y salto.<\/p>\n<p><strong>RESULTADOS<\/strong><\/p>\n<ul>\n<li>17\u00ba Rodrigo Miranda &#8211; overall (2.201)<\/li>\n<li>20\u00ba Rodrigo Miranda &#8211; figuras (7.310)<\/li>\n<li>26\u00ba Francisco Miranda &#8211; overall (1.926)<\/li>\n<li>35\u00ba Francisco Miranda &#8211; figuras (5.330)<\/li>\n<li>X &#8211; Rodrigo Miranda &#8211; slalom (2@11,25)<\/li>\n<li>X &#8211; Francisco Miranda &#8211; slalom (4,25@12)<\/li>\n<li>X &#8211; Carlos Chicharro &#8211; slalom (2,5@14,25)<\/li>\n<li>X &#8211; Rodrigo Miranda &#8211; salto (54,8)<\/li>\n<li>X &#8211; Francisco Miranda &#8211; salto (53,1)<\/li>\n<\/ul>\n<p>&#8230;.<\/p>\n<p><strong>ENLACE: <a href=\"http:\/\/diario.elmercurio.com\/detalle\/index.asp?id={88c5fe49-b2d9-4b90-8e31-8c693f5492d0}\">NOTA EN EL MERCURIO<\/a>&nbsp;<\/strong><\/p>\n<p>&nbsp;<\/p>\n","protected":false},"excerpt":{"rendered":"<p>En Recetto, Chile se present\u00f3 con los overollistas Francisco y Rodrigo Miranda y el slalomista Carlos Chicharro. Una lesi\u00f3n impidi\u00f3<\/p>\n","protected":false},"author":3,"featured_media":0,"parent":1787,"menu_order":0,"comment_status":"closed","ping_status":"closed","template":"","meta":[],"_links":{"self":[{"href":"http:\/\/www.esquinautico.cl\/index.php?rest_route=\/wp\/v2\/pages\/6481"}],"collection":[{"href":"http:\/\/www.esquinautico.cl\/index.php?rest_route=\/wp\/v2\/pages"}],"about":[{"href":"http:\/\/www.esquinautico.cl\/index.php?rest_route=\/wp\/v2\/types\/page"}],"author":[{"embeddable":true,"href":"http:\/\/www.esquinautico.cl\/index.php?rest_route=\/wp\/v2\/users\/3"}],"replies":[{"embeddable":true,"href":"http:\/\/www.esquinautico.cl\/index.php?rest_route=%2Fwp%2Fv2%2Fcomments&post=6481"}],"version-history":[{"count":7,"href":"http:\/\/www.esquinautico.cl\/index.php?rest_route=\/wp\/v2\/pages\/6481\/revisions"}],"predecessor-version":[{"id":7850,"href":"http:\/\/www.esquinautico.cl\/index.php?rest_route=\/wp\/v2\/pages\/6481\/revisions\/7850"}],"up":[{"embeddable":true,"href":"http:\/\/www.esquinautico.cl\/index.php?rest_route=\/wp\/v2\/pages\/1787"}],"wp:attachment":[{"href":"http:\/\/www.esquinautico.cl\/index.php?rest_route=%2Fwp%2Fv2%2Fmedia&parent=6481"}],"curies":[{"name":"wp","href":"https:\/\/api.w.org\/{rel}","templated":true}]}}