{"id":6487,"date":"2016-03-28T19:02:15","date_gmt":"2016-03-28T19:02:15","guid":{"rendered":"http:\/\/www.esquinautico.cl\/?page_id=6487"},"modified":"2016-04-02T01:55:55","modified_gmt":"2016-04-02T01:55:55","slug":"waterski-2007","status":"publish","type":"page","link":"http:\/\/www.esquinautico.cl\/?page_id=6487","title":{"rendered":"MUNDIAL OPEN AUSTRIA 2007"},"content":{"rendered":"<p>Una mejora considerable tuvo Chile en los resultados en el Campeonato Mundial de Linz. Con apenas 21 a\u00f1os, Felipe Miranda roz\u00f3 el podio en el overall tras acumular 2.633 puntos que lo dejaron en el cuarto puesto. Rodrigo Miranda, por su parte, logr\u00f3 la primera final para Chile en un mundial open tras saltar 63 metros en la eliminatoria y adem\u00e1s finaliz\u00f3 en el octavo lugar del overall.<\/p>\n<p>En las aguas de Suiza, Chile se present\u00f3 tambi\u00e9n con los overollistas Francisco y Tiare Miranda y con el slalomista y figurista Javier Moreno.<\/p>\n<p><strong>RESULTADOS<\/strong><\/p>\n<ul>\n<li>4\u00ba Felipe Miranda &#8211; overall (2.633)<\/li>\n<li>8\u00ba Rodrigo Miranda &#8211; overall (2.488)<\/li>\n<li>12\u00ba Rodrigo Miranda &#8211; salto (63,0 y 56,3)<\/li>\n<li>13\u00ba Felipe Miranda &#8211; figuras (9.350)<\/li>\n<li>16\u00ba Felipe Miranda &#8211; slalom (3@10,75)<\/li>\n<li>16\u00ba Rodrigo Miranda &#8211; figuras (9.030)<\/li>\n<li>16\u00ba Felipe Miranda &#8211; salto (61,3)<\/li>\n<li>17\u00ba Francisco Miranda &#8211; overall (2.130)<\/li>\n<li>21\u00ba Francisco Miranda &#8211; salto (60,2)<\/li>\n<li>24\u00ba Tiare Miranda &#8211; overall (1.476)<\/li>\n<li>26\u00ba Tiare Miranda &#8211; salto (41,0)<\/li>\n<li>28\u00ba Francisco Miranda &#8211; figuras (6.300)<\/li>\n<li>37\u00ba Rodrigo Miranda &#8211; slalom (3@11,25)<\/li>\n<li>37\u00ba Tiare Miranda &#8211; figuras (2.350)<\/li>\n<li>45\u00ba Tiare Miranda &#8211; slalom (3@13,00)<\/li>\n<li>49\u00ba Javier Moreno &#8211; figuras (2.710)<\/li>\n<li>53\u00ba Francisco Miranda &#8211; slalom (1@11,25)<\/li>\n<li>72\u00ba Javier Moreno &#8211; slalom (1,5@12,00)<\/li>\n<\/ul>\n<p>&nbsp;<\/p>\n<ul>\n<li><strong>DESCARGAR RESULTADOS OFICIALES:\u00a0<a href=\"http:\/\/www.esquinautico.cl\/wp-content\/uploads\/2011\/09\/2007-MUNDIAL-OPEN-LINZ.pdf\" rel=\"\">2007 &#8211; MUNDIAL OPEN AUSTRIA<\/a><\/strong><\/li>\n<li><strong>PUBLICACI\u00d3N NOTA ACTUACION CHILENA EN <a href=\"http:\/\/www.emol.com\/noticias\/deportes\/2007\/09\/02\/274125\/felipe-miranda-obtuvo-el-cuarto-lugar-en-el-mundial-de-esqui-nautico-de-austria.html\">EMOL.COM<\/a><\/strong><\/li>\n<\/ul>\n","protected":false},"excerpt":{"rendered":"<p>Una mejora considerable tuvo Chile en los resultados en el Campeonato Mundial de Linz. Con apenas 21 a\u00f1os, Felipe Miranda<\/p>\n","protected":false},"author":3,"featured_media":0,"parent":1787,"menu_order":0,"comment_status":"closed","ping_status":"closed","template":"","meta":[],"_links":{"self":[{"href":"http:\/\/www.esquinautico.cl\/index.php?rest_route=\/wp\/v2\/pages\/6487"}],"collection":[{"href":"http:\/\/www.esquinautico.cl\/index.php?rest_route=\/wp\/v2\/pages"}],"about":[{"href":"http:\/\/www.esquinautico.cl\/index.php?rest_route=\/wp\/v2\/types\/page"}],"author":[{"embeddable":true,"href":"http:\/\/www.esquinautico.cl\/index.php?rest_route=\/wp\/v2\/users\/3"}],"replies":[{"embeddable":true,"href":"http:\/\/www.esquinautico.cl\/index.php?rest_route=%2Fwp%2Fv2%2Fcomments&post=6487"}],"version-history":[{"count":7,"href":"http:\/\/www.esquinautico.cl\/index.php?rest_route=\/wp\/v2\/pages\/6487\/revisions"}],"predecessor-version":[{"id":6544,"href":"http:\/\/www.esquinautico.cl\/index.php?rest_route=\/wp\/v2\/pages\/6487\/revisions\/6544"}],"up":[{"embeddable":true,"href":"http:\/\/www.esquinautico.cl\/index.php?rest_route=\/wp\/v2\/pages\/1787"}],"wp:attachment":[{"href":"http:\/\/www.esquinautico.cl\/index.php?rest_route=%2Fwp%2Fv2%2Fmedia&parent=6487"}],"curies":[{"name":"wp","href":"https:\/\/api.w.org\/{rel}","templated":true}]}}