{"id":6598,"date":"2016-04-14T23:51:32","date_gmt":"2016-04-14T23:51:32","guid":{"rendered":"http:\/\/www.esquinautico.cl\/?page_id=6598"},"modified":"2017-01-04T17:53:20","modified_gmt":"2017-01-04T17:53:20","slug":"junior-worlds","status":"publish","type":"page","link":"http:\/\/www.esquinautico.cl\/?page_id=6598","title":{"rendered":"Campeonato Mundial Junior &#8211; Chile 2017"},"content":{"rendered":"<p><a href=\"http:\/\/www.esquinautico.cl\/wp-content\/uploads\/2016\/04\/RRRTG.jpg\" rel=\"attachment wp-att-6603\"><img loading=\"lazy\" class=\"alignleft size-full wp-image-6603\" src=\"http:\/\/www.esquinautico.cl\/wp-content\/uploads\/2016\/04\/RRRTG.jpg\" alt=\"RRRTG\" width=\"600\" height=\"450\" srcset=\"http:\/\/www.esquinautico.cl\/wp-content\/uploads\/2016\/04\/RRRTG.jpg 600w, http:\/\/www.esquinautico.cl\/wp-content\/uploads\/2016\/04\/RRRTG-300x225.jpg 300w\" sizes=\"(max-width: 600px) 100vw, 600px\" \/><\/a>El lago Los Morros de San Bernardo ser\u00e1 nuevamente sede de un Campeonato Mundial de Esqu\u00ed N\u00e1utico. Esta vez ser\u00e1 el Campeonato Mundial Juvenil, que por segunda vez se disputar\u00e1 en estas aguas luego que se realizara en 2003 el torneo planetario que consagr\u00f3 a Felipe Mirada campe\u00f3n en overall y salto.<\/p>\n<p>&nbsp;<\/p>\n<p><strong>INFORMACI\u00d3N OFICIAL DEL EVENTO<\/strong><\/p>\n<ul>\n<li><strong><a href=\"http:\/\/www.iwwfed-ea.org\/classic\/16IWWF03\/\">PROGRAMACI\u00d3N Y RESULTADOS<\/a><\/strong><\/li>\n<li><strong><a href=\"http:\/\/www.esquinautico.cl\/wp-content\/uploads\/2016\/04\/Campeonato-Mundial-Juvenil-2016-Boleti\u0301n-3.pdf\" rel=\"\">BOLET\u00cdN 3 &#8211; ESPA\u00d1OL<\/a>&nbsp;&#8211;&nbsp;<a href=\"http:\/\/www.esquinautico.cl\/wp-content\/uploads\/2016\/04\/2016-Junior-World-Championships-Bulletin-3.pdf\" rel=\"\">BOLETIN 3 &#8211; INGL\u00c9S<\/a><\/strong><\/li>\n<li><strong><a href=\"http:\/\/www.esquinautico.cl\/wp-content\/uploads\/2016\/04\/Campeonato-Mundial-Juvenil-2016-Boleti\u0301n-2.pdf\" rel=\"\">BOLET\u00cdN 2 &#8211; ESPA\u00d1OL<\/a>&nbsp;&#8211;&nbsp;<a href=\"http:\/\/www.esquinautico.cl\/wp-content\/uploads\/2016\/04\/2016-Junior-World-Championships-Bulletin-2-1.pdf\" rel=\"\">BOLETIN 2 &#8211; INGL\u00c9S<\/a><\/strong><\/li>\n<li><strong><a href=\"http:\/\/www.esquinautico.cl\/wp-content\/uploads\/2016\/04\/Campeonato-Mundial-Juvenil-2016-Boleti\u0301n-1-1.pdf\" rel=\"\">BOLET\u00cdN EN ESPA\u00d1OL<\/a>&nbsp;&#8211;&nbsp;<a href=\"http:\/\/www.esquinautico.cl\/wp-content\/uploads\/2016\/04\/2016-Junior-World-Championships-Bulletin-1.pdf\" rel=\"\">BOLET\u00cdN EN INGL\u00c9S<\/a><\/strong><\/li>\n<\/ul>\n<p><a href=\"http:\/\/www.esquinautico.cl\/wp-content\/uploads\/2016\/04\/MUNDIAL-JUNIOR-2.jpg\" rel=\"attachment wp-att-7291\"><img loading=\"lazy\" class=\"alignleft size-full wp-image-7291\" src=\"http:\/\/www.esquinautico.cl\/wp-content\/uploads\/2016\/04\/MUNDIAL-JUNIOR-2.jpg\" alt=\"mundial-junior-2\" width=\"3304\" height=\"5168\" srcset=\"http:\/\/www.esquinautico.cl\/wp-content\/uploads\/2016\/04\/MUNDIAL-JUNIOR-2.jpg 3304w, http:\/\/www.esquinautico.cl\/wp-content\/uploads\/2016\/04\/MUNDIAL-JUNIOR-2-192x300.jpg 192w, http:\/\/www.esquinautico.cl\/wp-content\/uploads\/2016\/04\/MUNDIAL-JUNIOR-2-768x1201.jpg 768w, http:\/\/www.esquinautico.cl\/wp-content\/uploads\/2016\/04\/MUNDIAL-JUNIOR-2-655x1024.jpg 655w\" sizes=\"(max-width: 3304px) 100vw, 3304px\" \/><\/a><\/p>\n","protected":false},"excerpt":{"rendered":"<p>El lago Los Morros de San Bernardo ser\u00e1 nuevamente sede de un Campeonato Mundial de Esqu\u00ed N\u00e1utico. Esta vez ser\u00e1<\/p>\n","protected":false},"author":3,"featured_media":0,"parent":288,"menu_order":0,"comment_status":"closed","ping_status":"closed","template":"","meta":[],"_links":{"self":[{"href":"http:\/\/www.esquinautico.cl\/index.php?rest_route=\/wp\/v2\/pages\/6598"}],"collection":[{"href":"http:\/\/www.esquinautico.cl\/index.php?rest_route=\/wp\/v2\/pages"}],"about":[{"href":"http:\/\/www.esquinautico.cl\/index.php?rest_route=\/wp\/v2\/types\/page"}],"author":[{"embeddable":true,"href":"http:\/\/www.esquinautico.cl\/index.php?rest_route=\/wp\/v2\/users\/3"}],"replies":[{"embeddable":true,"href":"http:\/\/www.esquinautico.cl\/index.php?rest_route=%2Fwp%2Fv2%2Fcomments&post=6598"}],"version-history":[{"count":9,"href":"http:\/\/www.esquinautico.cl\/index.php?rest_route=\/wp\/v2\/pages\/6598\/revisions"}],"predecessor-version":[{"id":7316,"href":"http:\/\/www.esquinautico.cl\/index.php?rest_route=\/wp\/v2\/pages\/6598\/revisions\/7316"}],"up":[{"embeddable":true,"href":"http:\/\/www.esquinautico.cl\/index.php?rest_route=\/wp\/v2\/pages\/288"}],"wp:attachment":[{"href":"http:\/\/www.esquinautico.cl\/index.php?rest_route=%2Fwp%2Fv2%2Fmedia&parent=6598"}],"curies":[{"name":"wp","href":"https:\/\/api.w.org\/{rel}","templated":true}]}}