{"id":7992,"date":"2018-03-28T17:24:54","date_gmt":"2018-03-28T17:24:54","guid":{"rendered":"http:\/\/www.esquinautico.cl\/?page_id=7992"},"modified":"2018-09-03T23:11:43","modified_gmt":"2018-09-03T23:11:43","slug":"juegos-odesur-cochabamba-2018","status":"publish","type":"page","link":"http:\/\/www.esquinautico.cl\/?page_id=7992","title":{"rendered":"JUEGOS ODESUR &#8211; COCHABAMBA 2018"},"content":{"rendered":"<header class=\"entry-header\">\n<h1 class=\"entry-title\">TEAM CHILE SE LUCE EN LAS AGUAS DE COCHABAMBA<\/h1>\n<div class=\"entry-meta\"><span class=\"meta-date\"><a title=\"13:33\" href=\"http:\/\/www.esquinautico.cl\/?p=8192\" rel=\"bookmark\"><time class=\"entry-date published updated\" datetime=\"2018-06-04T13:33:15+00:00\">4 junio, 2018<\/time><\/a><\/span><span class=\"meta-category\">&nbsp;<a href=\"http:\/\/www.esquinautico.cl\/?cat=1\" rel=\"category\">1-NOTICIAS<\/a>,&nbsp;<a href=\"http:\/\/www.esquinautico.cl\/?cat=12\" rel=\"category\">Odesur 2018<\/a><\/span><\/div>\n<\/header>\n<div class=\"entry-content clearfix\">\n<p>El esqu\u00ed n\u00e1utico chileno respondi\u00f3 con creces a las expectativas y tras sumar cinco oros y cuatro platas cerr\u00f3 su brillante paso por los Juegos Odesur de Cochabamba 2018. El team nacional, de paso, super\u00f3 en una presea dorada su actuaci\u00f3n en Santiago 2014 y alcanz\u00f3 37 medallas en su exitoso paso por esta competencia.<\/p>\n<p>Con tres&nbsp;preseas cada uno, Felipe Miranda (oro en figuras y overall y plata en salto) y Valentina Gonz\u00e1lez (oro en salto y overall y plata en slalom),&nbsp;lideraron el medallero nacional, que completaron Rodrigo Miranda (oro en salto y plata en overall) y Diego Chicharro (plata en slalom)<\/p>\n<p>Pipe, con su habitual impronta de campe\u00f3n, no tuvo problemas para adjudicarse la sumatoria y tras sortear el viento y las malas condiciones, se impuso en figuras con una pasada de 6.910. En la final de salto, con un brinco de 55,3 metros, le dio pelea a su hermano Rodrigo, que lo desplaz\u00f3 al segundo lugar tras volar a 57,1.<\/p>\n<p>Valentina, en tanto, sum\u00f3 un oro m\u00e1s que en Santiago 2014 al ganar las finales de salto con 40 metros y el overall. A los oros le sum\u00f3 una plata en slalom, presea que consigui\u00f3 en una dif\u00edcil cancha tras pasar 2,5 boyas al quinto recorte.<\/p>\n<p>Rodrigo&nbsp;Miranda, por su parte, se consagr\u00f3 tricampe\u00f3n sudamericano de salto, luego de imponerse en la final a su hermano Felipe en una re\u00f1ida lucha. Toti de esta manera mantiene un t\u00edtulo que ya hab\u00eda logrado en Medell\u00edn 2010 y en Santiago 2014. Su gran presentaci\u00f3n la coron\u00f3 con una plata en el overall, tras escoltar a Pipe en la sumatoria.<\/p>\n<p>Otro chileno que festej\u00f3 fue Diego Chicharro, quien se qued\u00f3 con la plata en la dif\u00edcil definici\u00f3n del slalom. El esquiador de Chacabuco incluso roz\u00f3 el oro tras quedar a media boya del colombiano Santiago Correa que se impuso con 3,5 boyas a 12, 00 metros.<\/p>\n<p><strong>MEDALLAS CHILENAS EN COCHABAMBA 2018<\/strong><\/p>\n<p><a href=\"http:\/\/www.esquinautico.cl\/wp-content\/uploads\/2018\/06\/ORO-FIGURAS-FEL.jpg\"><img loading=\"lazy\" class=\"alignleft size-thumbnail wp-image-8189\" src=\"http:\/\/www.esquinautico.cl\/wp-content\/uploads\/2018\/06\/ORO-FIGURAS-FEL-150x150.jpg\" sizes=\"(max-width: 150px) 100vw, 150px\" srcset=\"http:\/\/www.esquinautico.cl\/wp-content\/uploads\/2018\/06\/ORO-FIGURAS-FEL-150x150.jpg 150w, http:\/\/www.esquinautico.cl\/wp-content\/uploads\/2018\/06\/ORO-FIGURAS-FEL-300x300.jpg 300w, http:\/\/www.esquinautico.cl\/wp-content\/uploads\/2018\/06\/ORO-FIGURAS-FEL-768x768.jpg 768w, http:\/\/www.esquinautico.cl\/wp-content\/uploads\/2018\/06\/ORO-FIGURAS-FEL.jpg 800w\" alt=\"\" width=\"150\" height=\"150\"><\/a><a href=\"http:\/\/www.esquinautico.cl\/wp-content\/uploads\/2018\/06\/SALTO-ORO-VAL.jpg\"><img loading=\"lazy\" class=\"alignleft size-thumbnail wp-image-8188\" src=\"http:\/\/www.esquinautico.cl\/wp-content\/uploads\/2018\/06\/SALTO-ORO-VAL-150x150.jpg\" sizes=\"(max-width: 150px) 100vw, 150px\" srcset=\"http:\/\/www.esquinautico.cl\/wp-content\/uploads\/2018\/06\/SALTO-ORO-VAL-150x150.jpg 150w, http:\/\/www.esquinautico.cl\/wp-content\/uploads\/2018\/06\/SALTO-ORO-VAL-300x300.jpg 300w, http:\/\/www.esquinautico.cl\/wp-content\/uploads\/2018\/06\/SALTO-ORO-VAL-768x768.jpg 768w, http:\/\/www.esquinautico.cl\/wp-content\/uploads\/2018\/06\/SALTO-ORO-VAL.jpg 800w\" alt=\"\" width=\"150\" height=\"150\"><\/a><a href=\"http:\/\/www.esquinautico.cl\/wp-content\/uploads\/2018\/06\/SALTO-ORO-ROD.jpg\"><img loading=\"lazy\" class=\"alignleft size-thumbnail wp-image-8187\" src=\"http:\/\/www.esquinautico.cl\/wp-content\/uploads\/2018\/06\/SALTO-ORO-ROD-150x150.jpg\" sizes=\"(max-width: 150px) 100vw, 150px\" srcset=\"http:\/\/www.esquinautico.cl\/wp-content\/uploads\/2018\/06\/SALTO-ORO-ROD-150x150.jpg 150w, http:\/\/www.esquinautico.cl\/wp-content\/uploads\/2018\/06\/SALTO-ORO-ROD-300x300.jpg 300w, http:\/\/www.esquinautico.cl\/wp-content\/uploads\/2018\/06\/SALTO-ORO-ROD-768x768.jpg 768w, http:\/\/www.esquinautico.cl\/wp-content\/uploads\/2018\/06\/SALTO-ORO-ROD.jpg 800w\" alt=\"\" width=\"150\" height=\"150\"><\/a><a href=\"http:\/\/www.esquinautico.cl\/wp-content\/uploads\/2018\/06\/PLATA-SLALOM.jpg\"><img loading=\"lazy\" class=\"alignleft size-thumbnail wp-image-8186\" src=\"http:\/\/www.esquinautico.cl\/wp-content\/uploads\/2018\/06\/PLATA-SLALOM-150x150.jpg\" sizes=\"(max-width: 150px) 100vw, 150px\" srcset=\"http:\/\/www.esquinautico.cl\/wp-content\/uploads\/2018\/06\/PLATA-SLALOM-150x150.jpg 150w, http:\/\/www.esquinautico.cl\/wp-content\/uploads\/2018\/06\/PLATA-SLALOM-300x300.jpg 300w, http:\/\/www.esquinautico.cl\/wp-content\/uploads\/2018\/06\/PLATA-SLALOM-768x768.jpg 768w, http:\/\/www.esquinautico.cl\/wp-content\/uploads\/2018\/06\/PLATA-SLALOM.jpg 800w\" alt=\"\" width=\"150\" height=\"150\"><\/a><a href=\"http:\/\/www.esquinautico.cl\/wp-content\/uploads\/2018\/06\/PLATA-SLALOM-2.jpg\"><img loading=\"lazy\" class=\"alignleft size-thumbnail wp-image-8185\" src=\"http:\/\/www.esquinautico.cl\/wp-content\/uploads\/2018\/06\/PLATA-SLALOM-2-150x150.jpg\" sizes=\"(max-width: 150px) 100vw, 150px\" srcset=\"http:\/\/www.esquinautico.cl\/wp-content\/uploads\/2018\/06\/PLATA-SLALOM-2-150x150.jpg 150w, http:\/\/www.esquinautico.cl\/wp-content\/uploads\/2018\/06\/PLATA-SLALOM-2-300x300.jpg 300w, http:\/\/www.esquinautico.cl\/wp-content\/uploads\/2018\/06\/PLATA-SLALOM-2-768x768.jpg 768w, http:\/\/www.esquinautico.cl\/wp-content\/uploads\/2018\/06\/PLATA-SLALOM-2.jpg 800w\" alt=\"\" width=\"150\" height=\"150\"><\/a><a href=\"http:\/\/www.esquinautico.cl\/wp-content\/uploads\/2018\/06\/PLATA-SALTO-FEL.jpg\"><img loading=\"lazy\" class=\"alignleft size-thumbnail wp-image-8184\" src=\"http:\/\/www.esquinautico.cl\/wp-content\/uploads\/2018\/06\/PLATA-SALTO-FEL-150x150.jpg\" sizes=\"(max-width: 150px) 100vw, 150px\" srcset=\"http:\/\/www.esquinautico.cl\/wp-content\/uploads\/2018\/06\/PLATA-SALTO-FEL-150x150.jpg 150w, http:\/\/www.esquinautico.cl\/wp-content\/uploads\/2018\/06\/PLATA-SALTO-FEL-300x300.jpg 300w, http:\/\/www.esquinautico.cl\/wp-content\/uploads\/2018\/06\/PLATA-SALTO-FEL-768x768.jpg 768w, http:\/\/www.esquinautico.cl\/wp-content\/uploads\/2018\/06\/PLATA-SALTO-FEL.jpg 800w\" alt=\"\" width=\"150\" height=\"150\"><\/a><\/p>\n<p><a href=\"http:\/\/www.esquinautico.cl\/wp-content\/uploads\/2018\/06\/ORO-OVERALL-PIPE1.jpg\"><img loading=\"lazy\" class=\"alignleft size-thumbnail wp-image-8197\" src=\"http:\/\/www.esquinautico.cl\/wp-content\/uploads\/2018\/06\/ORO-OVERALL-PIPE1-150x150.jpg\" sizes=\"(max-width: 150px) 100vw, 150px\" srcset=\"http:\/\/www.esquinautico.cl\/wp-content\/uploads\/2018\/06\/ORO-OVERALL-PIPE1-150x150.jpg 150w, http:\/\/www.esquinautico.cl\/wp-content\/uploads\/2018\/06\/ORO-OVERALL-PIPE1-300x300.jpg 300w, http:\/\/www.esquinautico.cl\/wp-content\/uploads\/2018\/06\/ORO-OVERALL-PIPE1-768x768.jpg 768w, http:\/\/www.esquinautico.cl\/wp-content\/uploads\/2018\/06\/ORO-OVERALL-PIPE1.jpg 800w\" alt=\"\" width=\"150\" height=\"150\"><\/a><a href=\"http:\/\/www.esquinautico.cl\/wp-content\/uploads\/2018\/06\/ORO-OVERALL-VALE1.jpg\"><img loading=\"lazy\" class=\"alignleft size-thumbnail wp-image-8198\" src=\"http:\/\/www.esquinautico.cl\/wp-content\/uploads\/2018\/06\/ORO-OVERALL-VALE1-150x150.jpg\" sizes=\"(max-width: 150px) 100vw, 150px\" srcset=\"http:\/\/www.esquinautico.cl\/wp-content\/uploads\/2018\/06\/ORO-OVERALL-VALE1-150x150.jpg 150w, http:\/\/www.esquinautico.cl\/wp-content\/uploads\/2018\/06\/ORO-OVERALL-VALE1-300x300.jpg 300w, http:\/\/www.esquinautico.cl\/wp-content\/uploads\/2018\/06\/ORO-OVERALL-VALE1-768x768.jpg 768w, http:\/\/www.esquinautico.cl\/wp-content\/uploads\/2018\/06\/ORO-OVERALL-VALE1.jpg 800w\" alt=\"\" width=\"150\" height=\"150\"><\/a><a href=\"http:\/\/www.esquinautico.cl\/wp-content\/uploads\/2018\/06\/PLATA-OVERALL-TOTI1.jpg\"><img loading=\"lazy\" class=\"alignleft size-thumbnail wp-image-8199\" src=\"http:\/\/www.esquinautico.cl\/wp-content\/uploads\/2018\/06\/PLATA-OVERALL-TOTI1-150x150.jpg\" sizes=\"(max-width: 150px) 100vw, 150px\" srcset=\"http:\/\/www.esquinautico.cl\/wp-content\/uploads\/2018\/06\/PLATA-OVERALL-TOTI1-150x150.jpg 150w, http:\/\/www.esquinautico.cl\/wp-content\/uploads\/2018\/06\/PLATA-OVERALL-TOTI1-300x300.jpg 300w, http:\/\/www.esquinautico.cl\/wp-content\/uploads\/2018\/06\/PLATA-OVERALL-TOTI1-768x768.jpg 768w, http:\/\/www.esquinautico.cl\/wp-content\/uploads\/2018\/06\/PLATA-OVERALL-TOTI1.jpg 800w\" alt=\"\" width=\"150\" height=\"150\"><\/a><\/p>\n<p>&nbsp;<\/p>\n<p>&nbsp;<\/p>\n<p>&nbsp;<\/p>\n<p>&nbsp;<\/p>\n<p>&nbsp;<\/p>\n<p>&nbsp;<\/p>\n<p>&nbsp;<\/p>\n<p>&nbsp;<\/p>\n<p>&nbsp;<\/p>\n<p>&nbsp;<\/p>\n<p><strong>MEDALLERO DEL ESQU\u00cd N\u00c1UTICO EN JUEGOS ODESUR&nbsp;<\/strong><\/p>\n<p>(Este deporte se integr\u00f3 a esta competencia en Buenos Aires 2006)<\/p>\n<p><a href=\"http:\/\/www.esquinautico.cl\/wp-content\/uploads\/2018\/06\/INFO-ODESUR-2018.jpg\"><img loading=\"lazy\" class=\"alignleft size-full wp-image-8200\" src=\"http:\/\/www.esquinautico.cl\/wp-content\/uploads\/2018\/06\/INFO-ODESUR-2018.jpg\" sizes=\"(max-width: 1198px) 100vw, 1198px\" srcset=\"http:\/\/www.esquinautico.cl\/wp-content\/uploads\/2018\/06\/INFO-ODESUR-2018.jpg 1198w, http:\/\/www.esquinautico.cl\/wp-content\/uploads\/2018\/06\/INFO-ODESUR-2018-293x300.jpg 293w, http:\/\/www.esquinautico.cl\/wp-content\/uploads\/2018\/06\/INFO-ODESUR-2018-768x786.jpg 768w, http:\/\/www.esquinautico.cl\/wp-content\/uploads\/2018\/06\/INFO-ODESUR-2018-1001x1024.jpg 1001w\" alt=\"\" width=\"1198\" height=\"1226\"><\/a><\/p>\n<p>&nbsp;<\/p>\n<p><strong>PALMAR\u00c9S INDIVIDUAL DE LOS PRINCIPALES MEDALLISTAS NACIONALES<\/strong><\/p>\n<p><a href=\"http:\/\/www.esquinautico.cl\/wp-content\/uploads\/2018\/06\/PALMARE%CC%81S-PIPE.jpg\"><img loading=\"lazy\" class=\"alignleft size-full wp-image-8204\" src=\"http:\/\/www.esquinautico.cl\/wp-content\/uploads\/2018\/06\/PALMARE%CC%81S-PIPE.jpg\" sizes=\"(max-width: 800px) 100vw, 800px\" srcset=\"http:\/\/www.esquinautico.cl\/wp-content\/uploads\/2018\/06\/PALMARE\u0301S-PIPE.jpg 800w, http:\/\/www.esquinautico.cl\/wp-content\/uploads\/2018\/06\/PALMARE\u0301S-PIPE-150x150.jpg 150w, http:\/\/www.esquinautico.cl\/wp-content\/uploads\/2018\/06\/PALMARE\u0301S-PIPE-300x300.jpg 300w, http:\/\/www.esquinautico.cl\/wp-content\/uploads\/2018\/06\/PALMARE\u0301S-PIPE-768x768.jpg 768w\" alt=\"\" width=\"800\" height=\"800\"><\/a><\/p>\n<p><a href=\"http:\/\/www.esquinautico.cl\/wp-content\/uploads\/2018\/06\/PALMARE%CC%81S-TOTI.jpg\"><img loading=\"lazy\" class=\"alignleft size-full wp-image-8205\" src=\"http:\/\/www.esquinautico.cl\/wp-content\/uploads\/2018\/06\/PALMARE%CC%81S-TOTI.jpg\" sizes=\"(max-width: 800px) 100vw, 800px\" srcset=\"http:\/\/www.esquinautico.cl\/wp-content\/uploads\/2018\/06\/PALMARE\u0301S-TOTI.jpg 800w, http:\/\/www.esquinautico.cl\/wp-content\/uploads\/2018\/06\/PALMARE\u0301S-TOTI-150x150.jpg 150w, http:\/\/www.esquinautico.cl\/wp-content\/uploads\/2018\/06\/PALMARE\u0301S-TOTI-300x300.jpg 300w, http:\/\/www.esquinautico.cl\/wp-content\/uploads\/2018\/06\/PALMARE\u0301S-TOTI-768x768.jpg 768w\" alt=\"\" width=\"800\" height=\"800\"><\/a><\/p>\n<p><a href=\"http:\/\/www.esquinautico.cl\/wp-content\/uploads\/2018\/06\/PALMARE%CC%81S-VALE.jpg\"><img loading=\"lazy\" class=\"alignleft size-full wp-image-8206\" src=\"http:\/\/www.esquinautico.cl\/wp-content\/uploads\/2018\/06\/PALMARE%CC%81S-VALE.jpg\" sizes=\"(max-width: 800px) 100vw, 800px\" srcset=\"http:\/\/www.esquinautico.cl\/wp-content\/uploads\/2018\/06\/PALMARE\u0301S-VALE.jpg 800w, http:\/\/www.esquinautico.cl\/wp-content\/uploads\/2018\/06\/PALMARE\u0301S-VALE-150x150.jpg 150w, http:\/\/www.esquinautico.cl\/wp-content\/uploads\/2018\/06\/PALMARE\u0301S-VALE-300x300.jpg 300w, http:\/\/www.esquinautico.cl\/wp-content\/uploads\/2018\/06\/PALMARE\u0301S-VALE-768x768.jpg 768w\" alt=\"\" width=\"800\" height=\"800\"><\/a><\/p>\n<\/div>\n<p>&nbsp;<\/p>\n<ul>\n<li>Evento: Juegos Odesur, Cochabamba 2018.<\/li>\n<li>Fecha esqu\u00ed n\u00e1utico: jueves 31 mayo, viernes 1 y s\u00e1bado 2 de junio.<\/li>\n<li>Informaci\u00f3n: <a href=\"https:\/\/www.cochabamba2018.bo\/deporte\/esquema\/4\/deporte\/27\">Cochabamba 2018<\/a><\/li>\n<\/ul>\n<p><strong>ENLACES<\/strong><\/p>\n<p><strong>SANTIAGO 2014<\/strong><\/p>\n<ul>\n<li><a href=\"http:\/\/www.esquinautico.cl\/?p=4224\">Pipe Miranda gana el overall masculino<\/a><\/li>\n<li><a href=\"http:\/\/www.esquinautico.cl\/?p=4215\">Hist\u00f3rico triunfo en el overall femenino<\/a><\/li>\n<li><a href=\"http:\/\/www.esquinautico.cl\/?p=4212\">Esqu\u00ed chileno gana 9 medallas en un solo d\u00eda<\/a><\/li>\n<\/ul>\n<p><strong>MEDELL\u00cdN 2010<\/strong><\/p>\n<ul>\n<li><a href=\"http:\/\/www.emol.com\/noticias\/deportes\/2010\/03\/30\/405999\/dos-oros-conquisto-tiare-miranda-para-el-esqui-nautico-en-los-juegos-odesur.html\">Tiare Miranda gana dos oros en Medell\u00edn<\/a><\/li>\n<li><a href=\"http:\/\/www2.latercera.com\/noticia\/nicole-naser-logro-plata-en-el-esqui-nautico-de-los-odesur\/#\">Nicole Naser gana plata en figuras<\/a><\/li>\n<li><a href=\"http:\/\/www.esquinautico.cl\/boletines\/Boletin29_%28abril2010%29.pdf\">Bolet\u00edn Esqu\u00ed N\u00e1utico &#8211; resumen Medell\u00edn 2010<\/a><\/li>\n<\/ul>\n<p><strong>BUENOS AIRES 2006<\/strong><\/p>\n<ul>\n<li><a href=\"http:\/\/www.emol.com\/noticias\/deportes\/2006\/11\/19\/236485\/odesur-felipe-miranda-sumo-la-34--medalla-de-oro-para-chile.html\">Oro de Pipe Miranda en slalom<\/a><\/li>\n<\/ul>\n<p><img loading=\"lazy\" class=\"alignleft size-full wp-image-7994\" src=\"http:\/\/www.esquinautico.cl\/wp-content\/uploads\/2018\/03\/Captura-de-pantalla-2018-03-28-a-las-14.19.19.png\" alt=\"\" width=\"738\" height=\"703\" srcset=\"http:\/\/www.esquinautico.cl\/wp-content\/uploads\/2018\/03\/Captura-de-pantalla-2018-03-28-a-las-14.19.19.png 738w, http:\/\/www.esquinautico.cl\/wp-content\/uploads\/2018\/03\/Captura-de-pantalla-2018-03-28-a-las-14.19.19-300x286.png 300w\" sizes=\"(max-width: 738px) 100vw, 738px\" \/><\/p>\n","protected":false},"excerpt":{"rendered":"<p>TEAM CHILE SE LUCE EN LAS AGUAS DE COCHABAMBA 4 junio, 2018&nbsp;1-NOTICIAS,&nbsp;Odesur 2018 El esqu\u00ed n\u00e1utico chileno respondi\u00f3 con creces<\/p>\n","protected":false},"author":2,"featured_media":0,"parent":0,"menu_order":0,"comment_status":"closed","ping_status":"closed","template":"","meta":[],"_links":{"self":[{"href":"http:\/\/www.esquinautico.cl\/index.php?rest_route=\/wp\/v2\/pages\/7992"}],"collection":[{"href":"http:\/\/www.esquinautico.cl\/index.php?rest_route=\/wp\/v2\/pages"}],"about":[{"href":"http:\/\/www.esquinautico.cl\/index.php?rest_route=\/wp\/v2\/types\/page"}],"author":[{"embeddable":true,"href":"http:\/\/www.esquinautico.cl\/index.php?rest_route=\/wp\/v2\/users\/2"}],"replies":[{"embeddable":true,"href":"http:\/\/www.esquinautico.cl\/index.php?rest_route=%2Fwp%2Fv2%2Fcomments&post=7992"}],"version-history":[{"count":3,"href":"http:\/\/www.esquinautico.cl\/index.php?rest_route=\/wp\/v2\/pages\/7992\/revisions"}],"predecessor-version":[{"id":8367,"href":"http:\/\/www.esquinautico.cl\/index.php?rest_route=\/wp\/v2\/pages\/7992\/revisions\/8367"}],"wp:attachment":[{"href":"http:\/\/www.esquinautico.cl\/index.php?rest_route=%2Fwp%2Fv2%2Fmedia&parent=7992"}],"curies":[{"name":"wp","href":"https:\/\/api.w.org\/{rel}","templated":true}]}}