{"id":8002,"date":"2018-04-11T17:35:23","date_gmt":"2018-04-11T17:35:23","guid":{"rendered":"http:\/\/www.esquinautico.cl\/?page_id=8002"},"modified":"2018-04-11T18:26:41","modified_gmt":"2018-04-11T18:26:41","slug":"mundial-francia-2017-2","status":"publish","type":"page","link":"http:\/\/www.esquinautico.cl\/?page_id=8002","title":{"rendered":"MUNDIAL FRANCIA 2017"},"content":{"rendered":"<p><img loading=\"lazy\" class=\"alignleft size-medium wp-image-8012\" src=\"http:\/\/www.esquinautico.cl\/wp-content\/uploads\/2018\/04\/Water-ski-worlds-use-for-site-300x300.jpg\" alt=\"\" width=\"300\" height=\"300\" srcset=\"http:\/\/www.esquinautico.cl\/wp-content\/uploads\/2018\/04\/Water-ski-worlds-use-for-site-300x300.jpg 300w, http:\/\/www.esquinautico.cl\/wp-content\/uploads\/2018\/04\/Water-ski-worlds-use-for-site-150x150.jpg 150w, http:\/\/www.esquinautico.cl\/wp-content\/uploads\/2018\/04\/Water-ski-worlds-use-for-site.jpg 600w\" sizes=\"(max-width: 300px) 100vw, 300px\" \/>En las aguas de Choisy le Roi, en las afueras de Paris, Felipe Miranda logr\u00f3 por segunda vez en su carrera el t\u00edtulo mundial del overall, tras imponerse en una re\u00f1ida final al local Tibhaut Dailland.<\/p>\n<p>Una gran presentaci\u00f3n en la final de slalom, con 1,5 boyas a 1,75 metros, le vali\u00f3 al chileno acortar distancias, para luego superar con holgura en la eliminatoria de la rampa al esquiador galo, quien brinc\u00f3 55 metros y vio resignada sus opciones luego que el chileno saltara 64,3 metros.<\/p>\n<p>El brinco, sumado a los 8.930 puntos que impuso en figuras y a la boya y media a 10,75 metros que esquiv\u00f3 en slalom, le permiti\u00f3 al chileno sumar 2.751 y aventajar por 100 unidades a Dailland, quien estableci\u00f3 puntajes de 2 boyas a 10,75, 10.210 puntos y 55,6 metros.<\/p>\n<p><img loading=\"lazy\" class=\"alignleft size-full wp-image-8003\" src=\"http:\/\/www.esquinautico.cl\/wp-content\/uploads\/2018\/04\/Captura-de-pantalla-2018-04-11-a-las-14.17.59.png\" alt=\"\" width=\"793\" height=\"513\" srcset=\"http:\/\/www.esquinautico.cl\/wp-content\/uploads\/2018\/04\/Captura-de-pantalla-2018-04-11-a-las-14.17.59.png 793w, http:\/\/www.esquinautico.cl\/wp-content\/uploads\/2018\/04\/Captura-de-pantalla-2018-04-11-a-las-14.17.59-300x194.png 300w, http:\/\/www.esquinautico.cl\/wp-content\/uploads\/2018\/04\/Captura-de-pantalla-2018-04-11-a-las-14.17.59-768x497.png 768w\" sizes=\"(max-width: 793px) 100vw, 793px\" \/><\/p>\n<p>&nbsp;<\/p>\n<p>&nbsp;<\/p>\n<p>&nbsp;<\/p>\n<p>&nbsp;<\/p>\n<p>&nbsp;<\/p>\n<p>&nbsp;<\/p>\n<p>&nbsp;<\/p>\n<p>&nbsp;<\/p>\n<p>&nbsp;<\/p>\n<p>&nbsp;<\/p>\n<p><strong>CHILENOS DESTACADOS<\/strong><\/p>\n<p style=\"font-weight: 400;\">Otros chilenos que destacaron en el cierre del evento planetario fueron los saltadores Rodrigo&nbsp;Miranda&nbsp;(quinto lugar con 62,8 metros) y Emile Ritter (d\u00e9cimo con 60,0) y los overollistas Santiago Varas (d\u00e9cimo con 2.247) y Valentina Gonz\u00e1lez (und\u00e9cima con 1.928).<\/p>\n<p style=\"font-weight: 400;\">\n<iframe loading=\"lazy\" src=\"https:\/\/www.youtube.com\/embed\/ouw-qGwPJ-M\" width=\"900\" height=\"500\" frameborder=\"0\" allowfullscreen=\"allowfullscreen\"><\/iframe><\/p>\n","protected":false},"excerpt":{"rendered":"<p>En las aguas de Choisy le Roi, en las afueras de Paris, Felipe Miranda logr\u00f3 por segunda vez en su<\/p>\n","protected":false},"author":2,"featured_media":0,"parent":0,"menu_order":0,"comment_status":"closed","ping_status":"closed","template":"","meta":[],"_links":{"self":[{"href":"http:\/\/www.esquinautico.cl\/index.php?rest_route=\/wp\/v2\/pages\/8002"}],"collection":[{"href":"http:\/\/www.esquinautico.cl\/index.php?rest_route=\/wp\/v2\/pages"}],"about":[{"href":"http:\/\/www.esquinautico.cl\/index.php?rest_route=\/wp\/v2\/types\/page"}],"author":[{"embeddable":true,"href":"http:\/\/www.esquinautico.cl\/index.php?rest_route=\/wp\/v2\/users\/2"}],"replies":[{"embeddable":true,"href":"http:\/\/www.esquinautico.cl\/index.php?rest_route=%2Fwp%2Fv2%2Fcomments&post=8002"}],"version-history":[{"count":5,"href":"http:\/\/www.esquinautico.cl\/index.php?rest_route=\/wp\/v2\/pages\/8002\/revisions"}],"predecessor-version":[{"id":8013,"href":"http:\/\/www.esquinautico.cl\/index.php?rest_route=\/wp\/v2\/pages\/8002\/revisions\/8013"}],"wp:attachment":[{"href":"http:\/\/www.esquinautico.cl\/index.php?rest_route=%2Fwp%2Fv2%2Fmedia&parent=8002"}],"curies":[{"name":"wp","href":"https:\/\/api.w.org\/{rel}","templated":true}]}}