{"id":8082,"date":"2018-05-17T02:56:28","date_gmt":"2018-05-17T02:56:28","guid":{"rendered":"http:\/\/www.esquinautico.cl\/?page_id=8082"},"modified":"2021-02-09T17:42:33","modified_gmt":"2021-02-09T17:42:33","slug":"mar-del-plata-95","status":"publish","type":"page","link":"http:\/\/www.esquinautico.cl\/?page_id=8082","title":{"rendered":"MAR DEL PLATA 95"},"content":{"rendered":"<p><img loading=\"lazy\" class=\"alignleft size-full wp-image-8083\" src=\"http:\/\/www.esquinautico.cl\/wp-content\/uploads\/2018\/05\/MAR-DEL-PLATA.jpg\" alt=\"\" width=\"324\" height=\"180\" srcset=\"http:\/\/www.esquinautico.cl\/wp-content\/uploads\/2018\/05\/MAR-DEL-PLATA.jpg 324w, http:\/\/www.esquinautico.cl\/wp-content\/uploads\/2018\/05\/MAR-DEL-PLATA-300x167.jpg 300w\" sizes=\"(max-width: 324px) 100vw, 324px\" \/>En los Juegos Panamericanos disputados en Argentina, el esqu\u00ed n\u00e1utico hizo su estreno en el megaevento continental. En la cita de Mar del Plata, Chile se present\u00f3 con los slalomistas Carlos Chicharro y Enrique Seguel.<\/p>\n<p>Quiz\u00e1 el dato m\u00e1s sabroso que dej\u00f3 esta participaci\u00f3n fue que el sorteo estableci\u00f3 que Carlos Chicharro abriera la competencia, d\u00e1ndose el honor al fallecido esquiador de ser \u201cEl primero de Am\u00e9rica\u201d.<\/p>\n<p>A partir de Mar del Plata 1995, el esqu\u00ed n\u00e1utico se integr\u00f3 definitivamente al programa de competencia de los Juegos Panamericanos, transform\u00e1ndose en uno de los deportes m\u00e1s atractivos merced al gran nivel que poseen los\u00a0esquiadores del continente.<\/p>\n","protected":false},"excerpt":{"rendered":"<p>En los Juegos Panamericanos disputados en Argentina, el esqu\u00ed n\u00e1utico hizo su estreno en el megaevento continental. En la cita<\/p>\n","protected":false},"author":2,"featured_media":0,"parent":0,"menu_order":0,"comment_status":"closed","ping_status":"closed","template":"","meta":[],"_links":{"self":[{"href":"http:\/\/www.esquinautico.cl\/index.php?rest_route=\/wp\/v2\/pages\/8082"}],"collection":[{"href":"http:\/\/www.esquinautico.cl\/index.php?rest_route=\/wp\/v2\/pages"}],"about":[{"href":"http:\/\/www.esquinautico.cl\/index.php?rest_route=\/wp\/v2\/types\/page"}],"author":[{"embeddable":true,"href":"http:\/\/www.esquinautico.cl\/index.php?rest_route=\/wp\/v2\/users\/2"}],"replies":[{"embeddable":true,"href":"http:\/\/www.esquinautico.cl\/index.php?rest_route=%2Fwp%2Fv2%2Fcomments&post=8082"}],"version-history":[{"count":3,"href":"http:\/\/www.esquinautico.cl\/index.php?rest_route=\/wp\/v2\/pages\/8082\/revisions"}],"predecessor-version":[{"id":9470,"href":"http:\/\/www.esquinautico.cl\/index.php?rest_route=\/wp\/v2\/pages\/8082\/revisions\/9470"}],"wp:attachment":[{"href":"http:\/\/www.esquinautico.cl\/index.php?rest_route=%2Fwp%2Fv2%2Fmedia&parent=8082"}],"curies":[{"name":"wp","href":"https:\/\/api.w.org\/{rel}","templated":true}]}}