{"id":8094,"date":"2018-05-17T03:18:15","date_gmt":"2018-05-17T03:18:15","guid":{"rendered":"http:\/\/www.esquinautico.cl\/?page_id=8094"},"modified":"2018-05-17T03:18:15","modified_gmt":"2018-05-17T03:18:15","slug":"santo-domingo-2003","status":"publish","type":"page","link":"http:\/\/www.esquinautico.cl\/?page_id=8094","title":{"rendered":"SANTO DOMINGO 2003"},"content":{"rendered":"<p><img loading=\"lazy\" class=\"alignleft size-full wp-image-8095\" src=\"http:\/\/www.esquinautico.cl\/wp-content\/uploads\/2018\/05\/panam_santo_domigo_2003.jpg\" alt=\"\" width=\"200\" height=\"250\">En las aguas del lago Isabela de la capital dominicana Rodrigo Miranda marc\u00f3 la actuaci\u00f3n m\u00e1s destacada al rematar cuarto en la final de slalom (2@11,25), logrando de esta manera la primera clasificaci\u00f3n chilena a una final panamericana.<\/p>\n<p>\u201cToti\u201d, que por esos d\u00edas ocupaba el primer lugar del Ranking Mundial Sub21, tambi\u00e9n remat\u00f3 quinto en salto (55,30) y octavo en figuras (5.450).<\/p>\n<p>Tiare Miranda tambi\u00e9n marc\u00f3 una actuaci\u00f3n muy destacada al ocupar la sexta plaza en figuras (4.250) y slalom (1@12,00) y el s\u00e9ptimo puesto en salto (29,20).<\/p>\n<p>El tercer chileno en el agua fue Francisco Miranda quien viaj\u00f3 a la competencia con grandes opciones de pelear una medalla en salto, pero no logr\u00f3 terminar su actuaci\u00f3n debido a una fuerte ca\u00edda que sufri\u00f3 en la ronda eliminatoria.<\/p>\n<figure id=\"attachment_8096\" aria-describedby=\"caption-attachment-8096\" style=\"width: 600px\" class=\"wp-caption alignleft\"><img loading=\"lazy\" class=\"size-full wp-image-8096\" src=\"http:\/\/www.esquinautico.cl\/wp-content\/uploads\/2018\/05\/toty-salto-3.jpg\" alt=\"\" width=\"600\" height=\"300\" srcset=\"http:\/\/www.esquinautico.cl\/wp-content\/uploads\/2018\/05\/toty-salto-3.jpg 600w, http:\/\/www.esquinautico.cl\/wp-content\/uploads\/2018\/05\/toty-salto-3-300x150.jpg 300w\" sizes=\"(max-width: 600px) 100vw, 600px\" \/><figcaption id=\"caption-attachment-8096\" class=\"wp-caption-text\">El chileno Rodrigo Mirando en la prueba de saltos del ski nautico de los XIV Juegos Panamericanos, Santo Domingo 2003. 16\/08\/2003. Foto: Chiledeportes\/Max Montecinos.<\/figcaption><\/figure>\n","protected":false},"excerpt":{"rendered":"<p>En las aguas del lago Isabela de la capital dominicana Rodrigo Miranda marc\u00f3 la actuaci\u00f3n m\u00e1s destacada al rematar cuarto<\/p>\n","protected":false},"author":2,"featured_media":0,"parent":0,"menu_order":0,"comment_status":"closed","ping_status":"closed","template":"","meta":[],"_links":{"self":[{"href":"http:\/\/www.esquinautico.cl\/index.php?rest_route=\/wp\/v2\/pages\/8094"}],"collection":[{"href":"http:\/\/www.esquinautico.cl\/index.php?rest_route=\/wp\/v2\/pages"}],"about":[{"href":"http:\/\/www.esquinautico.cl\/index.php?rest_route=\/wp\/v2\/types\/page"}],"author":[{"embeddable":true,"href":"http:\/\/www.esquinautico.cl\/index.php?rest_route=\/wp\/v2\/users\/2"}],"replies":[{"embeddable":true,"href":"http:\/\/www.esquinautico.cl\/index.php?rest_route=%2Fwp%2Fv2%2Fcomments&post=8094"}],"version-history":[{"count":1,"href":"http:\/\/www.esquinautico.cl\/index.php?rest_route=\/wp\/v2\/pages\/8094\/revisions"}],"predecessor-version":[{"id":8097,"href":"http:\/\/www.esquinautico.cl\/index.php?rest_route=\/wp\/v2\/pages\/8094\/revisions\/8097"}],"wp:attachment":[{"href":"http:\/\/www.esquinautico.cl\/index.php?rest_route=%2Fwp%2Fv2%2Fmedia&parent=8094"}],"curies":[{"name":"wp","href":"https:\/\/api.w.org\/{rel}","templated":true}]}}