{"id":8107,"date":"2018-05-18T01:24:57","date_gmt":"2018-05-18T01:24:57","guid":{"rendered":"http:\/\/www.esquinautico.cl\/?page_id=8107"},"modified":"2018-05-18T01:25:17","modified_gmt":"2018-05-18T01:25:17","slug":"guadalajara-2011","status":"publish","type":"page","link":"http:\/\/www.esquinautico.cl\/?page_id=8107","title":{"rendered":"GUADALAJARA 2011"},"content":{"rendered":"<p><img loading=\"lazy\" class=\"alignleft wp-image-8108 size-medium\" src=\"http:\/\/www.esquinautico.cl\/wp-content\/uploads\/2018\/05\/EmisionJuegosGuadalajaraCaratula-779x1024-244x300.jpg\" alt=\"\" width=\"244\" height=\"300\" srcset=\"http:\/\/www.esquinautico.cl\/wp-content\/uploads\/2018\/05\/EmisionJuegosGuadalajaraCaratula-779x1024-244x300.jpg 244w, http:\/\/www.esquinautico.cl\/wp-content\/uploads\/2018\/05\/EmisionJuegosGuadalajaraCaratula-779x1024.jpg 518w\" sizes=\"(max-width: 244px) 100vw, 244px\" \/>En Jalisco, la selecci\u00f3n nacional de esqu\u00ed n\u00e1utico se transform\u00f3 en uno de los equipos estrella de la actuaci\u00f3n chilena luego que los hermanos Felipe y Rodrigo Miranda ganaran&nbsp;cinco preseas.<\/p>\n<p>Felipe, con una actuaci\u00f3n notable, se qued\u00f3 con la plata en el overall y el bronce en salto y figuras; mientras Rodrigo se qued\u00f3 con la plata en salto y el bronce en el overall.<\/p>\n<p>DESCARGAR: <strong><a href=\"http:\/\/www.esquinautico.cl\/wp-content\/uploads\/2011\/09\/2011-JUEGOS-PANAMERICANOS-GUADALAJARA.pdf\">RESULTADOS<\/a><\/strong><\/p>\n<p>&nbsp;<\/p>\n<p><img loading=\"lazy\" class=\"alignleft size-full wp-image-8109\" src=\"http:\/\/www.esquinautico.cl\/wp-content\/uploads\/2018\/05\/GUADALAJA.jpg\" alt=\"\" width=\"2800\" height=\"1860\" srcset=\"http:\/\/www.esquinautico.cl\/wp-content\/uploads\/2018\/05\/GUADALAJA.jpg 2800w, http:\/\/www.esquinautico.cl\/wp-content\/uploads\/2018\/05\/GUADALAJA-300x199.jpg 300w, http:\/\/www.esquinautico.cl\/wp-content\/uploads\/2018\/05\/GUADALAJA-768x510.jpg 768w, http:\/\/www.esquinautico.cl\/wp-content\/uploads\/2018\/05\/GUADALAJA-1024x680.jpg 1024w, http:\/\/www.esquinautico.cl\/wp-content\/uploads\/2018\/05\/GUADALAJA-120x80.jpg 120w, http:\/\/www.esquinautico.cl\/wp-content\/uploads\/2018\/05\/GUADALAJA-480x320.jpg 480w\" sizes=\"(max-width: 2800px) 100vw, 2800px\" \/><\/p>\n<p>&nbsp;<\/p>\n<p><iframe loading=\"lazy\" src=\"\/\/www.youtube.com\/embed\/Dp-UuMOyGak?list=PLCi1K0QEwnGL3IUeS3KMzp1T8-jmqLeb_\" width=\"900\" height=\"500\" frameborder=\"0\" allowfullscreen=\"allowfullscreen\"><\/iframe><\/p>\n","protected":false},"excerpt":{"rendered":"<p>En Jalisco, la selecci\u00f3n nacional de esqu\u00ed n\u00e1utico se transform\u00f3 en uno de los equipos estrella de la actuaci\u00f3n chilena<\/p>\n","protected":false},"author":2,"featured_media":0,"parent":0,"menu_order":0,"comment_status":"closed","ping_status":"closed","template":"","meta":[],"_links":{"self":[{"href":"http:\/\/www.esquinautico.cl\/index.php?rest_route=\/wp\/v2\/pages\/8107"}],"collection":[{"href":"http:\/\/www.esquinautico.cl\/index.php?rest_route=\/wp\/v2\/pages"}],"about":[{"href":"http:\/\/www.esquinautico.cl\/index.php?rest_route=\/wp\/v2\/types\/page"}],"author":[{"embeddable":true,"href":"http:\/\/www.esquinautico.cl\/index.php?rest_route=\/wp\/v2\/users\/2"}],"replies":[{"embeddable":true,"href":"http:\/\/www.esquinautico.cl\/index.php?rest_route=%2Fwp%2Fv2%2Fcomments&post=8107"}],"version-history":[{"count":2,"href":"http:\/\/www.esquinautico.cl\/index.php?rest_route=\/wp\/v2\/pages\/8107\/revisions"}],"predecessor-version":[{"id":8111,"href":"http:\/\/www.esquinautico.cl\/index.php?rest_route=\/wp\/v2\/pages\/8107\/revisions\/8111"}],"wp:attachment":[{"href":"http:\/\/www.esquinautico.cl\/index.php?rest_route=%2Fwp%2Fv2%2Fmedia&parent=8107"}],"curies":[{"name":"wp","href":"https:\/\/api.w.org\/{rel}","templated":true}]}}