{"id":8113,"date":"2018-05-18T01:49:19","date_gmt":"2018-05-18T01:49:19","guid":{"rendered":"http:\/\/www.esquinautico.cl\/?page_id=8113"},"modified":"2018-05-18T15:31:05","modified_gmt":"2018-05-18T15:31:05","slug":"toronto-2015","status":"publish","type":"page","link":"http:\/\/www.esquinautico.cl\/?page_id=8113","title":{"rendered":"TORONTO 2015"},"content":{"rendered":"<p><img loading=\"lazy\" class=\"alignleft wp-image-8114 size-medium\" src=\"http:\/\/www.esquinautico.cl\/wp-content\/uploads\/2018\/05\/TORONTO-2-300x298.png\" alt=\"\" width=\"300\" height=\"298\" srcset=\"http:\/\/www.esquinautico.cl\/wp-content\/uploads\/2018\/05\/TORONTO-2-300x298.png 300w, http:\/\/www.esquinautico.cl\/wp-content\/uploads\/2018\/05\/TORONTO-2-150x150.png 150w, http:\/\/www.esquinautico.cl\/wp-content\/uploads\/2018\/05\/TORONTO-2.png 418w\" sizes=\"(max-width: 300px) 100vw, 300px\" \/>En Canad\u00e1 el esqu\u00ed n\u00e1utico volvi\u00f3 a ser uno de los deportes m\u00e1s destacados del Team Chile luego que fuera junto al remo el \u00fanico deporte de toda la delegaci\u00f3n en ganar cuatro medallas: 1 oro, 1 plata y 2 de bronce.<\/p>\n<p>Felipe Miranda, junto con ganar el primer oro del esqu\u00ed n\u00e1utico chileno en unos Juegos Panamericanos, fue el \u00fanico atleta de toda la delegaci\u00f3n nacional (m\u00e1s de 300 deportistas) en ganar m\u00e1s de una presea al&nbsp;colgarse un oro en overall y un bronce en salto.<\/p>\n<p>Rodrigo Miranda, por su parte, revalid\u00f3 la plata en salto y Fernanda Naser se transform\u00f3 en la primera esquiadora chilena en subirse al podio en los Juegos Panam al rematar tercera en salto.<\/p>\n<p>DESCARGAR: <strong><a href=\"http:\/\/www.esquinautico.cl\/wp-content\/uploads\/2011\/09\/2015-JJPP-TORONTO.pdf\">RESULTADOS<\/a><\/strong><\/p>\n<figure id=\"attachment_8116\" aria-describedby=\"caption-attachment-8116\" style=\"width: 3500px\" class=\"wp-caption alignleft\"><img loading=\"lazy\" class=\"size-full wp-image-8116\" src=\"http:\/\/www.esquinautico.cl\/wp-content\/uploads\/2018\/05\/PREMIACION_FELIPE_MIRANDA-OVERALL_TO15_08.jpg\" alt=\"\" width=\"3500\" height=\"2333\" srcset=\"http:\/\/www.esquinautico.cl\/wp-content\/uploads\/2018\/05\/PREMIACION_FELIPE_MIRANDA-OVERALL_TO15_08.jpg 3500w, http:\/\/www.esquinautico.cl\/wp-content\/uploads\/2018\/05\/PREMIACION_FELIPE_MIRANDA-OVERALL_TO15_08-300x200.jpg 300w, http:\/\/www.esquinautico.cl\/wp-content\/uploads\/2018\/05\/PREMIACION_FELIPE_MIRANDA-OVERALL_TO15_08-768x512.jpg 768w, http:\/\/www.esquinautico.cl\/wp-content\/uploads\/2018\/05\/PREMIACION_FELIPE_MIRANDA-OVERALL_TO15_08-1024x683.jpg 1024w, http:\/\/www.esquinautico.cl\/wp-content\/uploads\/2018\/05\/PREMIACION_FELIPE_MIRANDA-OVERALL_TO15_08-120x80.jpg 120w, http:\/\/www.esquinautico.cl\/wp-content\/uploads\/2018\/05\/PREMIACION_FELIPE_MIRANDA-OVERALL_TO15_08-480x320.jpg 480w\" sizes=\"(max-width: 3500px) 100vw, 3500px\" \/><figcaption id=\"caption-attachment-8116\" class=\"wp-caption-text\">En el lago Ontario se realizo la competencia del Overall del Ski n\u00e1utico de los XVII Juegos Panamericanos de Toronto 2015. En varones compiten Felipe y Rodrigo Miranda y en damas Valentina Gonzalez y Fernanda Nasser.<br \/>Toronto, Canad\u00e1<br \/>22\/07\/2015<br \/>Foto: Max Montecinos\/Mindep<\/figcaption><\/figure>\n<p>&nbsp;<\/p>\n<p>&nbsp;<\/p>\n<p>&nbsp;<\/p>\n<p>&nbsp;<\/p>\n<p>&nbsp;<\/p>\n","protected":false},"excerpt":{"rendered":"<p>En Canad\u00e1 el esqu\u00ed n\u00e1utico volvi\u00f3 a ser uno de los deportes m\u00e1s destacados del Team Chile luego que fuera<\/p>\n","protected":false},"author":2,"featured_media":0,"parent":0,"menu_order":0,"comment_status":"closed","ping_status":"closed","template":"","meta":[],"_links":{"self":[{"href":"http:\/\/www.esquinautico.cl\/index.php?rest_route=\/wp\/v2\/pages\/8113"}],"collection":[{"href":"http:\/\/www.esquinautico.cl\/index.php?rest_route=\/wp\/v2\/pages"}],"about":[{"href":"http:\/\/www.esquinautico.cl\/index.php?rest_route=\/wp\/v2\/types\/page"}],"author":[{"embeddable":true,"href":"http:\/\/www.esquinautico.cl\/index.php?rest_route=\/wp\/v2\/users\/2"}],"replies":[{"embeddable":true,"href":"http:\/\/www.esquinautico.cl\/index.php?rest_route=%2Fwp%2Fv2%2Fcomments&post=8113"}],"version-history":[{"count":1,"href":"http:\/\/www.esquinautico.cl\/index.php?rest_route=\/wp\/v2\/pages\/8113\/revisions"}],"predecessor-version":[{"id":8117,"href":"http:\/\/www.esquinautico.cl\/index.php?rest_route=\/wp\/v2\/pages\/8113\/revisions\/8117"}],"wp:attachment":[{"href":"http:\/\/www.esquinautico.cl\/index.php?rest_route=%2Fwp%2Fv2%2Fmedia&parent=8113"}],"curies":[{"name":"wp","href":"https:\/\/api.w.org\/{rel}","templated":true}]}}