{"id":8488,"date":"2019-02-18T22:31:31","date_gmt":"2019-02-18T22:31:31","guid":{"rendered":"http:\/\/www.esquinautico.cl\/?page_id=8488"},"modified":"2019-10-14T18:48:31","modified_gmt":"2019-10-14T18:48:31","slug":"lima-2019","status":"publish","type":"page","link":"http:\/\/www.esquinautico.cl\/?page_id=8488","title":{"rendered":"LIMA 2019"},"content":{"rendered":"\n<p>En Lima, el Team Chile de esqu\u00ed n\u00e1utico complet\u00f3 su cuarta edici\u00f3n consecutiva de Juegos Panamericanos en el podio de los mejores. A las medallas ganadas en R\u00edo 2007, Guadalajara 2011 y Toronto 2015, en Per\u00fa los nacionales sumaron dos platas y un bronce.<\/p>\n\n\n\n<p>Felipe Miranda ratific\u00f3 sus pergaminos en salto y con un brinco de 65 metros se qued\u00f3 con el segundo lugar en la prueba que gan\u00f3 el estadounidense Taylor Garc\u00eda con 65,3. <\/p>\n\n\n\n<p>Con esta presea, Pipe se transform\u00f3 en el atleta chileno con m\u00e1s medallas en los Juegos Panamericanos, tras sumar en Lima su s\u00e9ptima medalla.<\/p>\n\n\n\n<p>En el overall, en tanto, Rodrigo Miranda remat\u00f3 en el segundo lugar con un acumulado de 2.620 puntos, tras marcar 3 boyas a 11,25 metros, 8.080 puntos y 65,3 metros.<\/p>\n\n\n\n<p>La tercera presea, en tanto, la aport\u00f3 Valentina Gonz\u00e1lez quien escolt\u00f3 a las favoritas en salto y se instal\u00f3 en la tercera posici\u00f3n con una marca de 48 metros, con lo que obtuvo de paso su primera medalla en Juegos Panamericanos.<\/p>\n\n\n\n<figure class=\"wp-block-embed-youtube wp-block-embed is-type-video is-provider-youtube wp-embed-aspect-16-9 wp-has-aspect-ratio\"><div class=\"wp-block-embed__wrapper\">\n<iframe loading=\"lazy\" width=\"840\" height=\"473\" src=\"https:\/\/www.youtube.com\/embed\/vNM-7LslcLo?feature=oembed\" frameborder=\"0\" allow=\"accelerometer; autoplay; encrypted-media; gyroscope; picture-in-picture\" allowfullscreen><\/iframe>\n<\/div><figcaption>Declaraciones de Pipe Miranda<\/figcaption><\/figure>\n\n\n\n<figure class=\"wp-block-embed-youtube wp-block-embed is-type-video is-provider-youtube wp-embed-aspect-16-9 wp-has-aspect-ratio\"><div class=\"wp-block-embed__wrapper\">\n<iframe loading=\"lazy\" width=\"840\" height=\"473\" src=\"https:\/\/www.youtube.com\/embed\/arE3HbULZh4?feature=oembed\" frameborder=\"0\" allow=\"accelerometer; autoplay; encrypted-media; gyroscope; picture-in-picture\" allowfullscreen><\/iframe>\n<\/div><\/figure>\n\n\n\n<figure class=\"wp-block-embed-youtube wp-block-embed is-type-video is-provider-youtube wp-embed-aspect-16-9 wp-has-aspect-ratio\"><div class=\"wp-block-embed__wrapper\">\n<iframe loading=\"lazy\" width=\"840\" height=\"473\" src=\"https:\/\/www.youtube.com\/embed\/E6sZ9BGdsPY?feature=oembed\" frameborder=\"0\" allow=\"accelerometer; autoplay; encrypted-media; gyroscope; picture-in-picture\" allowfullscreen><\/iframe>\n<\/div><\/figure>\n\n\n\n<figure class=\"wp-block-image\"><img loading=\"lazy\" width=\"1024\" height=\"994\" src=\"http:\/\/www.esquinautico.cl\/wp-content\/uploads\/2019\/08\/ESQ-1024x994.jpg\" alt=\"\" class=\"wp-image-8903\" srcset=\"http:\/\/www.esquinautico.cl\/wp-content\/uploads\/2019\/08\/ESQ-1024x994.jpg 1024w, http:\/\/www.esquinautico.cl\/wp-content\/uploads\/2019\/08\/ESQ-300x291.jpg 300w, http:\/\/www.esquinautico.cl\/wp-content\/uploads\/2019\/08\/ESQ-768x746.jpg 768w, http:\/\/www.esquinautico.cl\/wp-content\/uploads\/2019\/08\/ESQ.jpg 1236w\" sizes=\"(max-width: 1024px) 100vw, 1024px\" \/><figcaption>Resumen del esqu\u00ed chileno en Juegos Panamericanos<\/figcaption><\/figure>\n\n\n\n<p>PREVIA: CHILE SALE A BUSCAR NUEVAS MEDALLAS EN LIMA<\/p>\n\n\n\n<p>En la capital peruana el Team Chile de esqu\u00ed n\u00e1utico se presentar\u00e1 con la ilusi\u00f3n de seguir agigantando su tremenda historia en el megaevento continental. <\/p>\n\n\n\n<p>En las aguas de Bujama, al sur de Lima, los esquiadores chilenos competir\u00e1n por las preseas en los tres eventos y el overall, prueba en la que Felipe Miranda le dio en Toronto 2015 la primera medalla dorada a nuestro deporte en este evento.<\/p>\n\n\n\n<figure class=\"wp-block-image\"><img loading=\"lazy\" width=\"1024\" height=\"994\" src=\"http:\/\/www.esquinautico.cl\/wp-content\/uploads\/2019\/02\/MEDALLAS-PANAM-1024x994.jpg\" alt=\"\" class=\"wp-image-8494\" srcset=\"http:\/\/www.esquinautico.cl\/wp-content\/uploads\/2019\/02\/MEDALLAS-PANAM-1024x994.jpg 1024w, http:\/\/www.esquinautico.cl\/wp-content\/uploads\/2019\/02\/MEDALLAS-PANAM-300x291.jpg 300w, http:\/\/www.esquinautico.cl\/wp-content\/uploads\/2019\/02\/MEDALLAS-PANAM-768x746.jpg 768w, http:\/\/www.esquinautico.cl\/wp-content\/uploads\/2019\/02\/MEDALLAS-PANAM.jpg 1236w\" sizes=\"(max-width: 1024px) 100vw, 1024px\" \/><\/figure>\n\n\n\n<figure class=\"wp-block-image\"><img loading=\"lazy\" width=\"1024\" height=\"683\" src=\"http:\/\/www.esquinautico.cl\/wp-content\/uploads\/2018\/05\/PREMIACION_FELIPE_MIRANDA-OVERALL_TO15_08-1024x683.jpg\" alt=\"\" class=\"wp-image-8116\" srcset=\"http:\/\/www.esquinautico.cl\/wp-content\/uploads\/2018\/05\/PREMIACION_FELIPE_MIRANDA-OVERALL_TO15_08-1024x683.jpg 1024w, http:\/\/www.esquinautico.cl\/wp-content\/uploads\/2018\/05\/PREMIACION_FELIPE_MIRANDA-OVERALL_TO15_08-300x200.jpg 300w, http:\/\/www.esquinautico.cl\/wp-content\/uploads\/2018\/05\/PREMIACION_FELIPE_MIRANDA-OVERALL_TO15_08-768x512.jpg 768w, http:\/\/www.esquinautico.cl\/wp-content\/uploads\/2018\/05\/PREMIACION_FELIPE_MIRANDA-OVERALL_TO15_08-120x80.jpg 120w, http:\/\/www.esquinautico.cl\/wp-content\/uploads\/2018\/05\/PREMIACION_FELIPE_MIRANDA-OVERALL_TO15_08-480x320.jpg 480w\" sizes=\"(max-width: 1024px) 100vw, 1024px\" \/><figcaption>En la imagen, Felipe Miranda es flanqueado por Jaret Llewellyn (Canad\u00e1) y Javier Julio (Argentina)<br><br><\/figcaption><\/figure>\n\n\n\n<figure class=\"wp-block-embed-youtube wp-block-embed is-type-video is-provider-youtube wp-embed-aspect-16-9 wp-has-aspect-ratio\"><div class=\"wp-block-embed__wrapper\">\n<iframe loading=\"lazy\" width=\"840\" height=\"473\" src=\"https:\/\/www.youtube.com\/embed\/JsTWY845UBQ?feature=oembed\" frameborder=\"0\" allow=\"accelerometer; autoplay; encrypted-media; gyroscope; picture-in-picture\" allowfullscreen><\/iframe>\n<\/div><figcaption>Lima 2019<\/figcaption><\/figure>\n","protected":false},"excerpt":{"rendered":"<p>En Lima, el Team Chile de esqu\u00ed n\u00e1utico complet\u00f3 su cuarta edici\u00f3n consecutiva de Juegos Panamericanos en el podio de<\/p>\n","protected":false},"author":2,"featured_media":8963,"parent":0,"menu_order":0,"comment_status":"closed","ping_status":"closed","template":"","meta":[],"_links":{"self":[{"href":"http:\/\/www.esquinautico.cl\/index.php?rest_route=\/wp\/v2\/pages\/8488"}],"collection":[{"href":"http:\/\/www.esquinautico.cl\/index.php?rest_route=\/wp\/v2\/pages"}],"about":[{"href":"http:\/\/www.esquinautico.cl\/index.php?rest_route=\/wp\/v2\/types\/page"}],"author":[{"embeddable":true,"href":"http:\/\/www.esquinautico.cl\/index.php?rest_route=\/wp\/v2\/users\/2"}],"replies":[{"embeddable":true,"href":"http:\/\/www.esquinautico.cl\/index.php?rest_route=%2Fwp%2Fv2%2Fcomments&post=8488"}],"version-history":[{"count":7,"href":"http:\/\/www.esquinautico.cl\/index.php?rest_route=\/wp\/v2\/pages\/8488\/revisions"}],"predecessor-version":[{"id":8965,"href":"http:\/\/www.esquinautico.cl\/index.php?rest_route=\/wp\/v2\/pages\/8488\/revisions\/8965"}],"wp:featuredmedia":[{"embeddable":true,"href":"http:\/\/www.esquinautico.cl\/index.php?rest_route=\/wp\/v2\/media\/8963"}],"wp:attachment":[{"href":"http:\/\/www.esquinautico.cl\/index.php?rest_route=%2Fwp%2Fv2%2Fmedia&parent=8488"}],"curies":[{"name":"wp","href":"https:\/\/api.w.org\/{rel}","templated":true}]}}