{"id":9692,"date":"2021-04-27T04:01:15","date_gmt":"2021-04-27T04:01:15","guid":{"rendered":"http:\/\/www.esquinautico.cl\/?page_id=9692"},"modified":"2021-10-18T17:27:23","modified_gmt":"2021-10-18T17:27:23","slug":"mundial-u17-u21","status":"publish","type":"page","link":"http:\/\/www.esquinautico.cl\/?page_id=9692","title":{"rendered":"MUNDIAL U17 &#8211; U21"},"content":{"rendered":"\n<figure class=\"wp-block-image\"><img src=\"http:\/\/www.esquinautico.cl\/wp-content\/uploads\/2021\/08\/WhatsApp-Image-2021-08-28-at-18.55.55-750x400.jpeg\" alt=\"\"\/><\/figure>\n\n\n\n<h1>SIMPLEMENTE BRILLANTE<\/h1>\n\n\n\n<p><a href=\"http:\/\/www.esquinautico.cl\/?p=9847\">31 agosto, 2021<\/a><a href=\"http:\/\/www.esquinautico.cl\/?cat=1\">1-NOTICIAS<\/a><\/p>\n\n\n\n<p>Agustina Varas y Mart\u00edn Labra prolongaron los festejos del Team Chile en Destin y cerraron una de las semanas m\u00e1s exitosas del esqu\u00ed n\u00e1utico chileno luego que a las cinco medallas nacionales logradas en el Mundial U17 le sumaran otras dos en el Mundial U21.<\/p>\n\n\n\n<p>\u00abAgu\u00bb se volvi\u00f3 a poner las alas y con un vuelo de 49.9 metros logr\u00f3 el bicampeonato mundial de salto y se transform\u00f3, de paso, en la \u00fanica mujer nacional en ganar oro en los dos torneos planetarios.<\/p>\n\n\n\n<p>La \u00abgringa\u00bb triunf\u00f3 en el Mundial U17 con 44,6 metros y tambi\u00e9n se anot\u00f3 con un bronce en el overall. En su palmar\u00e9s mundialista y tras una semana de acci\u00f3n en Santa Rosa Beach la nacional sum\u00f3 dos medallas en U17 y otra en U21. Simplemente brillante.<\/p>\n\n\n\n<figure class=\"wp-block-image\"><img loading=\"lazy\" width=\"1024\" height=\"768\" src=\"http:\/\/www.esquinautico.cl\/wp-content\/uploads\/2021\/08\/WhatsApp-Image-2021-08-28-at-13.30.04-1024x768.jpeg\" alt=\"\" class=\"wp-image-9849\" srcset=\"http:\/\/www.esquinautico.cl\/wp-content\/uploads\/2021\/08\/WhatsApp-Image-2021-08-28-at-13.30.04-1024x768.jpeg 1024w, http:\/\/www.esquinautico.cl\/wp-content\/uploads\/2021\/08\/WhatsApp-Image-2021-08-28-at-13.30.04-300x225.jpeg 300w, http:\/\/www.esquinautico.cl\/wp-content\/uploads\/2021\/08\/WhatsApp-Image-2021-08-28-at-13.30.04-768x576.jpeg 768w, http:\/\/www.esquinautico.cl\/wp-content\/uploads\/2021\/08\/WhatsApp-Image-2021-08-28-at-13.30.04.jpeg 2016w\" sizes=\"(max-width: 1024px) 100vw, 1024px\" \/><\/figure>\n\n\n\n<p>\u00abTincho\u00bb, por su parte, tambi\u00e9n tuvo una semana de ensue\u00f1o y consagr\u00f3 una de sus actuaciones m\u00e1s relevantes en su corta y fruct\u00edfera carrera al sumar a los dos oros de Mundial U17 y una plata en figuras en el Mundial U21.<\/p>\n\n\n\n<p>Una pasada de 10.920 puntos lo dej\u00f3 en el segundo lugar en la final y con su tercera medalla planetaria. Mart\u00edn, adem\u00e1s, se instal\u00f3 como el segundo esquiador chileno m\u00e1s laureado en ambos torneos, siendo solo superado por Pipe Miranda, quien gan\u00f3 tres medallas en U17 (dos oros y un bronce) y otras tres en U21 (un oro, una plata y un bronce).<\/p>\n\n\n\n<p>La actuaci\u00f3n del ahora bicampe\u00f3n mundial junior cobra mayor relevancia toda vez que supo recuperarse de una grave lesi\u00f3n que lo tuvo alejado varios meses de agua y que en alg\u00fan momento puso en duda su participaci\u00f3n.<\/p>\n\n\n\n<figure class=\"wp-block-image\"><img loading=\"lazy\" width=\"768\" height=\"1024\" src=\"http:\/\/www.esquinautico.cl\/wp-content\/uploads\/2021\/08\/WhatsApp-Image-2021-08-28-at-18.55.53-768x1024.jpeg\" alt=\"\" class=\"wp-image-9850\" srcset=\"http:\/\/www.esquinautico.cl\/wp-content\/uploads\/2021\/08\/WhatsApp-Image-2021-08-28-at-18.55.53-768x1024.jpeg 768w, http:\/\/www.esquinautico.cl\/wp-content\/uploads\/2021\/08\/WhatsApp-Image-2021-08-28-at-18.55.53-225x300.jpeg 225w, http:\/\/www.esquinautico.cl\/wp-content\/uploads\/2021\/08\/WhatsApp-Image-2021-08-28-at-18.55.53.jpeg 1200w\" sizes=\"(max-width: 768px) 100vw, 768px\" \/><\/figure>\n\n\n\n<figure class=\"wp-block-image\"><img loading=\"lazy\" width=\"768\" height=\"1024\" src=\"http:\/\/www.esquinautico.cl\/wp-content\/uploads\/2021\/08\/WhatsApp-Image-2021-08-28-at-18.55.55-1-768x1024.jpeg\" alt=\"\" class=\"wp-image-9851\" srcset=\"http:\/\/www.esquinautico.cl\/wp-content\/uploads\/2021\/08\/WhatsApp-Image-2021-08-28-at-18.55.55-1-768x1024.jpeg 768w, http:\/\/www.esquinautico.cl\/wp-content\/uploads\/2021\/08\/WhatsApp-Image-2021-08-28-at-18.55.55-1-225x300.jpeg 225w, http:\/\/www.esquinautico.cl\/wp-content\/uploads\/2021\/08\/WhatsApp-Image-2021-08-28-at-18.55.55-1.jpeg 1200w\" sizes=\"(max-width: 768px) 100vw, 768px\" \/><\/figure>\n\n\n\n<p><strong>MUNDIAL U17<\/strong><\/p>\n\n\n\n<ul><li>ORO \u2013 Mart\u00edn Labra \u2013 Overall<\/li><li>ORO \u2013 Mart\u00edn Labra \u2013 Figuras<\/li><li>ORO \u2013 Agustina Varas \u2013 Salto<\/li><li>BRONCE \u2013 Agustina Varas \u2013 Overall<\/li><li>BRONCE \u2013 Mat\u00edas Gonz\u00e1lez<\/li><\/ul>\n\n\n\n<p><strong>MUNDIAL U21<\/strong><\/p>\n\n\n\n<ul><li>ORO \u2013 Agustina Varas \u2013 Salto<\/li><li>PLATA \u2013 Mart\u00edn Labra \u2013 Figuras<\/li><\/ul>\n\n\n\n<p>ESTAD\u00cdSTICAS DE CHILE ANTES DEL MUNDIAL 2021<\/p>\n\n\n\n<figure class=\"wp-block-image\"><img loading=\"lazy\" width=\"1024\" height=\"1024\" src=\"http:\/\/www.esquinautico.cl\/wp-content\/uploads\/2021\/04\/6A3AF583-296F-4664-9C18-F8734446A780-1024x1024.jpg\" alt=\"\" class=\"wp-image-9694\" srcset=\"http:\/\/www.esquinautico.cl\/wp-content\/uploads\/2021\/04\/6A3AF583-296F-4664-9C18-F8734446A780-1024x1024.jpg 1024w, http:\/\/www.esquinautico.cl\/wp-content\/uploads\/2021\/04\/6A3AF583-296F-4664-9C18-F8734446A780-150x150.jpg 150w, http:\/\/www.esquinautico.cl\/wp-content\/uploads\/2021\/04\/6A3AF583-296F-4664-9C18-F8734446A780-300x300.jpg 300w, http:\/\/www.esquinautico.cl\/wp-content\/uploads\/2021\/04\/6A3AF583-296F-4664-9C18-F8734446A780-768x768.jpg 768w, http:\/\/www.esquinautico.cl\/wp-content\/uploads\/2021\/04\/6A3AF583-296F-4664-9C18-F8734446A780.jpg 2000w\" sizes=\"(max-width: 1024px) 100vw, 1024px\" \/><\/figure>\n\n\n\n<figure class=\"wp-block-image\"><img loading=\"lazy\" width=\"1024\" height=\"1024\" src=\"http:\/\/www.esquinautico.cl\/wp-content\/uploads\/2021\/04\/F796B6D4-627C-45F8-BBD2-9664E35FAE51-1024x1024.jpg\" alt=\"\" class=\"wp-image-9695\" srcset=\"http:\/\/www.esquinautico.cl\/wp-content\/uploads\/2021\/04\/F796B6D4-627C-45F8-BBD2-9664E35FAE51-1024x1024.jpg 1024w, http:\/\/www.esquinautico.cl\/wp-content\/uploads\/2021\/04\/F796B6D4-627C-45F8-BBD2-9664E35FAE51-150x150.jpg 150w, http:\/\/www.esquinautico.cl\/wp-content\/uploads\/2021\/04\/F796B6D4-627C-45F8-BBD2-9664E35FAE51-300x300.jpg 300w, http:\/\/www.esquinautico.cl\/wp-content\/uploads\/2021\/04\/F796B6D4-627C-45F8-BBD2-9664E35FAE51-768x768.jpg 768w, http:\/\/www.esquinautico.cl\/wp-content\/uploads\/2021\/04\/F796B6D4-627C-45F8-BBD2-9664E35FAE51.jpg 2000w\" sizes=\"(max-width: 1024px) 100vw, 1024px\" \/><\/figure>\n\n\n\n<p> <\/p>\n","protected":false},"excerpt":{"rendered":"<p>SIMPLEMENTE BRILLANTE 31 agosto, 20211-NOTICIAS Agustina Varas y Mart\u00edn Labra prolongaron los festejos del Team Chile en Destin y cerraron<\/p>\n","protected":false},"author":2,"featured_media":0,"parent":0,"menu_order":0,"comment_status":"closed","ping_status":"closed","template":"","meta":[],"_links":{"self":[{"href":"http:\/\/www.esquinautico.cl\/index.php?rest_route=\/wp\/v2\/pages\/9692"}],"collection":[{"href":"http:\/\/www.esquinautico.cl\/index.php?rest_route=\/wp\/v2\/pages"}],"about":[{"href":"http:\/\/www.esquinautico.cl\/index.php?rest_route=\/wp\/v2\/types\/page"}],"author":[{"embeddable":true,"href":"http:\/\/www.esquinautico.cl\/index.php?rest_route=\/wp\/v2\/users\/2"}],"replies":[{"embeddable":true,"href":"http:\/\/www.esquinautico.cl\/index.php?rest_route=%2Fwp%2Fv2%2Fcomments&post=9692"}],"version-history":[{"count":4,"href":"http:\/\/www.esquinautico.cl\/index.php?rest_route=\/wp\/v2\/pages\/9692\/revisions"}],"predecessor-version":[{"id":9928,"href":"http:\/\/www.esquinautico.cl\/index.php?rest_route=\/wp\/v2\/pages\/9692\/revisions\/9928"}],"wp:attachment":[{"href":"http:\/\/www.esquinautico.cl\/index.php?rest_route=%2Fwp%2Fv2%2Fmedia&parent=9692"}],"curies":[{"name":"wp","href":"https:\/\/api.w.org\/{rel}","templated":true}]}}