{"id":9777,"date":"2021-07-15T20:14:34","date_gmt":"2021-07-15T20:14:34","guid":{"rendered":"http:\/\/www.esquinautico.cl\/?page_id=9777"},"modified":"2021-10-18T16:30:15","modified_gmt":"2021-10-18T16:30:15","slug":"mundial-open-usa-2021","status":"publish","type":"page","link":"http:\/\/www.esquinautico.cl\/?page_id=9777","title":{"rendered":"MUNDIAL OPEN &#8211; USA 2021"},"content":{"rendered":"\n<figure class=\"wp-block-image\"><img loading=\"lazy\" width=\"820\" height=\"400\" src=\"http:\/\/www.esquinautico.cl\/wp-content\/uploads\/2021\/10\/OPEN.jpg\" alt=\"\" class=\"wp-image-9912\" srcset=\"http:\/\/www.esquinautico.cl\/wp-content\/uploads\/2021\/10\/OPEN.jpg 820w, http:\/\/www.esquinautico.cl\/wp-content\/uploads\/2021\/10\/OPEN-300x146.jpg 300w, http:\/\/www.esquinautico.cl\/wp-content\/uploads\/2021\/10\/OPEN-768x375.jpg 768w\" sizes=\"(max-width: 820px) 100vw, 820px\" \/><\/figure>\n\n\n\n<p>Cuatro top ten individuales y el s\u00e9ptimo lugar en la competencia por pa\u00edses logr\u00f3 Chile en su paso por el Campeonato Mundial Open 2021 que se disput\u00f3 en las aguas de Jack Travers, en Orlando, Estados Unidos.<\/p>\n\n\n\n<p>En las competencias individuales los nacionales Mart\u00edn Labra, Emile Ritter y Valentina Gonz\u00e1lez fueron los mejores de Chile en un torneo que destac\u00f3 por las excelentes marcas que lograron los mejores exponentes del orbe.<\/p>\n\n\n\n<p>Labra, con 15 a\u00f1os, bati\u00f3 en la semifinal el r\u00e9cord de Chile adulto de figuras con 11.260 y en la final marc\u00f3 9.560 que lo dejaron en un excelente s\u00e9ptimo lugar. En su segundo Mundial Open, \u00abTincho\u00bb, adem\u00e1s, destac\u00f3 ocupando el und\u00e9cimo lugar en la clasificaci\u00f3n del overall.<\/p>\n\n\n\n<p>Otro chileno que destac\u00f3 y que tambi\u00e9n alcanz\u00f3 su mejor actuaci\u00f3n en los mundiales adultos fue Emile Ritter, quien brinc\u00f3 65.6 en la semifinal y 66.2 en la final, quedando finalmente en el s\u00e9ptimo puesto. \u00abMilo\u00bb mantuvo su progresi\u00f3n en los mundiales y mejor\u00f3 el noveno lugar que obtuvo en Malasia 2019 y el d\u00e9cimo puesto que logr\u00f3 en Paris 2017.<\/p>\n\n\n\n<p>Lo mismo hizo Valentina Gonz\u00e1lez, quien bati\u00f3 en la final de salto el r\u00e9cord de Chile, con 50 metros, y se instal\u00f3 en un destacado d\u00e9cimo lugar, igualando la posici\u00f3n que obtuvo en Malasia 2019. El notable brinco de la chilena, adem\u00e1s, le vali\u00f3 transformarse en la primera latinoamericana en llegar a esa marca y tambi\u00e9n escalar puntos en el overall, quedando finalmente en un in\u00e9dito octavo puesto.<\/p>\n\n\n\n<p>Antes, \u00abVale\u00bb hab\u00eda logrado como mejor ubicaci\u00f3n en la sumatoria el und\u00e9cimo lugar en los mundiales de 2015 y 2017 y en el mundial pasado hab\u00eda rematado en el casillero n\u00famero 12.<\/p>\n\n\n\n<figure class=\"wp-block-image\"><img loading=\"lazy\" width=\"1024\" height=\"768\" src=\"http:\/\/www.esquinautico.cl\/wp-content\/uploads\/2021\/10\/096EF5DD-F110-4F86-87B0-81C649DDE3D4-1024x768.jpg\" alt=\"\" class=\"wp-image-9916\" srcset=\"http:\/\/www.esquinautico.cl\/wp-content\/uploads\/2021\/10\/096EF5DD-F110-4F86-87B0-81C649DDE3D4-1024x768.jpg 1024w, http:\/\/www.esquinautico.cl\/wp-content\/uploads\/2021\/10\/096EF5DD-F110-4F86-87B0-81C649DDE3D4-300x225.jpg 300w, http:\/\/www.esquinautico.cl\/wp-content\/uploads\/2021\/10\/096EF5DD-F110-4F86-87B0-81C649DDE3D4-768x576.jpg 768w\" sizes=\"(max-width: 1024px) 100vw, 1024px\" \/><\/figure>\n\n\n\n<p>Otros chilenos que destacaron en esta cita mundial fueron Agustina Varas, con el paso a la final de salto y su ubicaci\u00f3n definitiva en el duod\u00e9cimo lugar con 48.5 metros.<\/p>\n\n\n\n<p>Sin lograr el paso a la final, pero dando pasos muy importantes en sus respectivas carreras tambi\u00e9n brillaron Dominga y Josefa Gonz\u00e1lez, con el 14\u00ba y 22\u00ba lugar en figuras, respectivamente; Juan Luis Piwonka, con su notable marca de una boya a 10,75 metros en slalom, que lo dej\u00f3 en el puesto 46 y el 17\u00ba lugar en figuras de Mat\u00edas Gonz\u00e1lez, que marc\u00f3 en su debut en mundiales adultos una impresionante marca de 9.640.<\/p>\n\n\n\n<p><strong>LOS CHILENOS EN EL MUNDIAL 2021<\/strong><\/p>\n\n\n\n<p><strong>SLALOM<\/strong><\/p>\n\n\n\n<ul><li>46\u00ba \u2013 Juan Luis Piwonka \u2013 1@10.75<\/li><li>55\u00ba \u2013 Angelo Debarbieri \u2013 3.5@11.25<\/li><li>58\u00ba \u2013 Diego Chicharro \u2013 3@11.25<\/li><li>65\u00ba \u2013 Samuel Chicharro \u2013 2@11.25<\/li><li>68\u00ba \u2013 Mart\u00edn Labra \u2013 1.5@11.25<\/li><li>73\u00ba \u2013 Gustavo Kretschmer \u2013 0.5@11.25<\/li><li>38\u00aa \u2013 Valentina Gonz\u00e1lez \u2013 1@11.25<\/li><li>42\u00aa \u2013 Trinidad Espinal \u2013 4.5@12.00<\/li><li>42\u00aa \u2013 Daniela Kretschmer \u2013 4.5@12.00<\/li><li>48\u00aa \u2013 Emilia M\u00e9ndez \u2013 3@12.00<\/li><\/ul>\n\n\n\n<p><strong>FIGURAS<\/strong><\/p>\n\n\n\n<ul><li>7\u00ba \u2013 Mart\u00edn Labra \u2013 Semi: 11.260 \/ Final: 9.570<\/li><li>17\u00ba \u2013 Mat\u00edas Gonz\u00e1lez \u2013 9.640<\/li><li>14\u00aa \u2013 Dominga Gonz\u00e1lez \u2013 5.970<\/li><li>19\u00aa \u2013 Valentina Gonz\u00e1lez \u2013 5.630<\/li><li>22\u00aa \u2013 Josefa Gonz\u00e1lez \u2013 5.370<\/li><\/ul>\n\n\n\n<p><strong>SALTO<\/strong><\/p>\n\n\n\n<ul><li>7\u00ba \u2013 Emile Ritter \u2013 Semi: 65.6 \/ Final: 66.2<\/li><li>16\u00ba \u2013 Rodrigo Miranda \u2013 63.7<\/li><li>43\u00ba \u2013 Mart\u00edn Labra \u2013 51.6<\/li><li>44\u00ba \u2013 Vicente Tizza \u2013 49.6<\/li><li>10\u00aa \u2013 Valentina Gonz\u00e1lez \u2013 Semi: 48.2 \/ Final: 50.0<\/li><li>12\u00aa \u2013 Agustina Varas \u2013 Semi: 48.0 \/ Final: 48.5<\/li><\/ul>\n\n\n\n<p><strong>OVERALL<\/strong><\/p>\n\n\n\n<ul><li>8\u00aa \u2013 Valentina Gonz\u00e1lez \u2013 2.256<\/li><li>11\u00ba \u2013 Mart\u00edn Labra \u2013 2.324<\/li><\/ul>\n\n\n\n<p><strong>POR PA\u00cdSES<\/strong><\/p>\n\n\n\n<ul><li>7\u00ba \u2013 Chile \u2013 7.003<\/li><\/ul>\n","protected":false},"excerpt":{"rendered":"<p>Cuatro top ten individuales y el s\u00e9ptimo lugar en la competencia por pa\u00edses logr\u00f3 Chile en su paso por el<\/p>\n","protected":false},"author":2,"featured_media":0,"parent":0,"menu_order":0,"comment_status":"closed","ping_status":"closed","template":"","meta":[],"_links":{"self":[{"href":"http:\/\/www.esquinautico.cl\/index.php?rest_route=\/wp\/v2\/pages\/9777"}],"collection":[{"href":"http:\/\/www.esquinautico.cl\/index.php?rest_route=\/wp\/v2\/pages"}],"about":[{"href":"http:\/\/www.esquinautico.cl\/index.php?rest_route=\/wp\/v2\/types\/page"}],"author":[{"embeddable":true,"href":"http:\/\/www.esquinautico.cl\/index.php?rest_route=\/wp\/v2\/users\/2"}],"replies":[{"embeddable":true,"href":"http:\/\/www.esquinautico.cl\/index.php?rest_route=%2Fwp%2Fv2%2Fcomments&post=9777"}],"version-history":[{"count":2,"href":"http:\/\/www.esquinautico.cl\/index.php?rest_route=\/wp\/v2\/pages\/9777\/revisions"}],"predecessor-version":[{"id":9923,"href":"http:\/\/www.esquinautico.cl\/index.php?rest_route=\/wp\/v2\/pages\/9777\/revisions\/9923"}],"wp:attachment":[{"href":"http:\/\/www.esquinautico.cl\/index.php?rest_route=%2Fwp%2Fv2%2Fmedia&parent=9777"}],"curies":[{"name":"wp","href":"https:\/\/api.w.org\/{rel}","templated":true}]}}