{"id":9935,"date":"2021-10-19T03:51:12","date_gmt":"2021-10-19T03:51:12","guid":{"rendered":"http:\/\/www.esquinautico.cl\/?page_id=9935"},"modified":"2021-10-19T04:00:16","modified_gmt":"2021-10-19T04:00:16","slug":"santiago-2014","status":"publish","type":"page","link":"http:\/\/www.esquinautico.cl\/?page_id=9935","title":{"rendered":"SANTIAGO 2014"},"content":{"rendered":"\n<div class=\"wp-block-image\"><figure class=\"aligncenter\"><img loading=\"lazy\" width=\"600\" height=\"300\" src=\"http:\/\/www.esquinautico.cl\/wp-content\/uploads\/2021\/10\/sdsss.jpeg\" alt=\"\" class=\"wp-image-9936\" srcset=\"http:\/\/www.esquinautico.cl\/wp-content\/uploads\/2021\/10\/sdsss.jpeg 600w, http:\/\/www.esquinautico.cl\/wp-content\/uploads\/2021\/10\/sdsss-300x150.jpeg 300w\" sizes=\"(max-width: 600px) 100vw, 600px\" \/><\/figure><\/div>\n\n\n\n<p>Un total de 13 medallas gan\u00f3 el Team Chile de esqu\u00ed n\u00e1utico en su presentaci\u00f3n en los Juegos Suramericanos de Santiago 2014. En las aguas del lago Los Morros y ante un gran marco de p\u00fablico, los seleccionados nacionales cumplieron totalmente con las expectativas ganando 4 oros, 5 platas y 4 bronces.<\/p>\n\n\n\n<p><strong>NUEVE MEDALLAS EN LOS TRES EVENTOS<\/strong><\/p>\n\n\n\n<p>Con nueve medallas en una jornada y dos de ellas de oro, el esqu\u00ed n\u00e1utico se transform\u00f3 este s\u00e1bado en el deporte chileno con m\u00e1s medallas en lo que va de estos Juegos Suramericanos de Santiago 2014.<\/p>\n\n\n\n<p>Valentina Gonz\u00e1lez y Rodrigo Miranda fueron las principales figuras de un inspirado Team Chile que busc\u00f3 desde el slalom por la ma\u00f1ana encaramarse al podio y aportar para el medallero chileno.<\/p>\n\n\n\n<p>En las boyas, Fernanda Naser y Valentina Gonz\u00e1lez escoltaron en el podio a la peruana Delfina Cuglievan que revalid\u00f3 su t\u00edtulo con 2 boyas y media al sexto recorte. Las nacionales se quedaron con la plata y bronce tras esquivar en el quinto ajuste 2 boyas y media y 2, respectivamente.<\/p>\n\n\n\n<p>En la misma prueba, pero en varones, Chile no se subi\u00f3 al podio, luego que Pipe Miranda terminara sus pasadas en 2 boyas y media en el sexto recorte. El oro fue para el brasile\u00f1o Nicholas Fuldahuer con 5 boyas con la cuerda violeta. La plata, en tanto fue para el argentino Mart\u00edn Malarzcuk con media boya menos y el bronce para Santiago Robledo con 3 boyas a 11,25.<\/p>\n\n\n\n<p>En figuras, Naser y Gonz\u00e1lez repitieron sus lugares en el podio tras establecer registros de 5.170 y 5.150 puntos. El oro fue nuevamente para Per\u00fa, gracias a los 7.320 que impuso Natalia Cuglievan. En varones, Toti Miranda sum\u00f3 su primera medalla al rematar segundo con 8.540. El oro fue para el colombiano Robledo con 8.900 y el bronce para el argentino Jorge Renosto con 8.270.<\/p>\n\n\n\n<p>Las mayores alegr\u00edas para Chile llegaron desde la rampa, primero con la brillante presentaci\u00f3n de Valentina Gonz\u00e1lez quien batiendo por 10 cent\u00edmetros su r\u00e9cord personal se qued\u00f3 con el oro tras imponer un brinco de 39,10 metros.<\/p>\n\n\n\n<p>\u201cMe sent\u00ed muy bien. Me ayud\u00f3 mucho ver el lago lleno de gente y sent\u00ed el apoyo de ellos. Me la jugu\u00e9 con ese salto y me sali\u00f3 la marca. Estoy muy feliz\u201d dijo la campeona en Santiago 2014.<\/p>\n\n\n\n<p>En varones, la alegr\u00eda chilena se prolong\u00f3 merced a la s\u00f3lida actuaci\u00f3n de los hermanos Miranda. Toti, que hab\u00eda rematado segundo en la eliminatoria fue el pen\u00faltimo en saltar en la final, y tras puntuar 58,2 y 62,8, finaliz\u00f3 sus brincos con un envi\u00f3n de 64.<\/p>\n\n\n\n<p>Pipe, el \u00faltimo de la ronda final, intent\u00f3 acercarse a la marca de su hermano, pero se qued\u00f3 con un mejor salto de 60 metros, que le entreg\u00f3 plata y su primera medalla en estos juegos.<\/p>\n\n\n\n<p>Mientras era felicitado y requerido para tomarse fotos, Rodrigo Toti Miranda, coment\u00f3, \u201cAyer no hab\u00eda hecho una buena eliminatoria y quer\u00eda que hoy las cosas cambiaran. Afortunadamente me sali\u00f3 un buen salto y pude quedarme con el oro, que era mi gran objetivo en estos juegos\u201d dijo el campe\u00f3n.<\/p>\n\n\n\n<p>PIPE MIRANDA FUE EL H\u00c9ROE EN LA JORNADA FINAL DEL ESQU\u00cd N\u00c1UTICO<\/p>\n\n\n\n<div class=\"wp-block-image\"><figure class=\"aligncenter\"><img loading=\"lazy\" width=\"600\" height=\"300\" src=\"http:\/\/www.esquinautico.cl\/wp-content\/uploads\/2021\/10\/D14.jpeg\" alt=\"\" class=\"wp-image-9940\" srcset=\"http:\/\/www.esquinautico.cl\/wp-content\/uploads\/2021\/10\/D14.jpeg 600w, http:\/\/www.esquinautico.cl\/wp-content\/uploads\/2021\/10\/D14-300x150.jpeg 300w\" sizes=\"(max-width: 600px) 100vw, 600px\" \/><\/figure><\/div>\n\n\n\n<p>Un mal d\u00eda lo tiene cualquiera. Y as\u00ed lo entendi\u00f3 Felipe Miranda quien hoy volvi\u00f3 con hambre de triunfo al lago Los Morros despu\u00e9s de vivir una jornada ingrata en las finales por especialidades en Santiago 2014.<\/p>\n\n\n\n<p>El campe\u00f3n mundial lleg\u00f3 dispuesto a confirmar su condici\u00f3n de mejor exponente del orbe en la prueba combinada, y su objetivo lo fue cumpliendo paso a paso, y con marcas ascendentes en los tres eventos.<\/p>\n\n\n\n<p>En slalom, Pipe larg\u00f3 al final, luego que su hermano Rodrigo y el colombiano Santiago Correa marcaran 3 boyas al sexto ajuste. La presi\u00f3n era evidente, pero Pipe mostr\u00f3 gran jerarqu\u00eda en el zigzag, y se puso al tope del acumulado tras marcar 4 boyas y cuarto con la soga violeta.<\/p>\n\n\n\n<p>En figuras, \u201cSanti\u201d Correa se despidi\u00f3 del oro tras marcar 2.800 puntos, dejando de esta manera la pelea entre los hermanos Pipe y Toti, quienes remataron en el primer y segundo lugar de la prueba con 9.340 y 8.870 puntos, respectivamente.<\/p>\n\n\n\n<p>En las piruetas, Pipe nuevamente derroch\u00f3 talento y seguridad regal\u00e1ndole al p\u00fablico seis flips de nivel mundial, los que fueron aplaudidos de pie por los miles de espectadores que repletaron la zona central del lago sanbernardino.<\/p>\n\n\n\n<p>Pese a ganar en los dos primeros eventos, Pipe no logr\u00f3 imponer una ventaja que le permitiera llegar con holgura a la rampa, prueba en la que Toti es especialista y que en la jornada anterior le hab\u00eda sacado cuatro metros de ventaja.<\/p>\n\n\n\n<p>El primero en salir a buscar el oro fue Toti, quien cort\u00f3 tarde en el segundo intento y logr\u00f3 pegarle perfecto a la rampa logrando un impresionante brinco de 64,5 metros.<\/p>\n\n\n\n<p>Con este registro, el oro le costaba a Pipe un salto superior a 61,1 metros, marca dif\u00edcil si se considera que su mejor brinco durante el torneo hab\u00eda sido de 60,2 metros.<\/p>\n\n\n\n<p>Y con esa presi\u00f3n, Pipe tom\u00f3 el manillar, y se lanz\u00f3 con corte doble a buscar el oro en estos Odesur. En el primer intento se le vio agresivo en el corte pero no logr\u00f3 el vuelo esperado y resign\u00f3 su primera chance con 59,6.<\/p>\n\n\n\n<p>Desde el borde, Tangui Benett lo mand\u00f3 a ir por m\u00e1s y Pipe cumpli\u00f3, aunque el salto otra vez no fue el esperado luego que repitiera calcada la marca del brinco anterior.<\/p>\n\n\n\n<p>El torneo, entonces, se definir\u00eda en el \u00faltimo salto del \u00faltimo esquiador, tal como ocurre en los grandes eventos internacionales. Pronto la lancha anunci\u00f3 la venida de Felipe quien arriesg\u00f3 con un corte m\u00e1s agresivo y una fugaz diagonal que lo dispar\u00f3 a impactantes 64,6 metros, los que finalmente le dieron el oro Suramericano.<\/p>\n\n\n\n<p><strong>OVERALL MASCULINO<\/strong><\/p>\n\n\n\n<ul><li>ORO \u2013 CHILE \u2013&nbsp;<strong>FELIPE MIRANDA<\/strong>&nbsp;\u2013 3.000 PUNTOS<\/li><li>PLATA \u2013 CHILE \u2013&nbsp;<strong>RODRIGO MIRANDA<\/strong>&nbsp;\u2013 2.910 PUNTOS<\/li><li>BRONCE \u2013 COLOMBIA \u2013&nbsp;<strong>SANTIAGO CORREA<\/strong>&nbsp;\u2013 2.894 PUNTOS<\/li><\/ul>\n\n\n\n<p><strong>HIST\u00d3RICO Y EMOCIONANTE TRIUNFO EN EL OVERALL FEMENINO<\/strong><\/p>\n\n\n\n<div class=\"wp-block-image\"><figure class=\"aligncenter\"><img loading=\"lazy\" width=\"600\" height=\"300\" src=\"http:\/\/www.esquinautico.cl\/wp-content\/uploads\/2021\/10\/w18.jpeg\" alt=\"\" class=\"wp-image-9941\" srcset=\"http:\/\/www.esquinautico.cl\/wp-content\/uploads\/2021\/10\/w18.jpeg 600w, http:\/\/www.esquinautico.cl\/wp-content\/uploads\/2021\/10\/w18-300x150.jpeg 300w\" sizes=\"(max-width: 600px) 100vw, 600px\" \/><\/figure><\/div>\n\n\n\n<p>Su mejor cosecha hist\u00f3rica en Juegos Odesur consolid\u00f3 este domingo el Team Chile de esqu\u00ed n\u00e1utico luego que obtuviera cuatro nuevas preseas con que lleg\u00f3 a la excelente suma de 13 medallas en los Juegos Suramericanos de Santiago 2014.<\/p>\n\n\n\n<p>En la jornada de cierre, disputada ante un marco impresionante de p\u00fablico que llen\u00f3 los rincones de Los Morros, los seleccionados nacionales no defraudaron a las expectativas y se apoderaron son sendos un-dos del podio en las finales del overall femenino y masculino.<\/p>\n\n\n\n<p>La primera alegr\u00eda y sorpresa la brindaron Fernanda Naser y Valentina Gonz\u00e1lez quienes pelearon mano a mano el oro en la sumatoria. Las acompa\u00f1\u00f3 en la lucha la peruana Delfina Cuglievan quien no pudo sacar mayores ventajas en el slalom, su prueba m\u00e1s fuerte.<\/p>\n\n\n\n<p>Precisamente la peruana parti\u00f3 a la cabeza tras ganar el slalom con 2 boyas al sexto recorte. Le secund\u00f3 Naser con 4 al quinto y en la tercera plaza asom\u00f3 Gonz\u00e1lez con una boya a 12 metros.<\/p>\n\n\n\n<p>Luego vino figuras, donde las chilenas se pusieron al tope para no soltar m\u00e1s la punta. Gonz\u00e1lez, eso s\u00ed, sufri\u00f3 una ca\u00edda en su primera pasada lo que le rest\u00f3 importantes puntos. Pese a eso se impuso en la prueba con 4.860.<\/p>\n\n\n\n<p>De todo esto, Naser sac\u00f3 grandes dividendos al sumar 4.810, que la dejaron en la primera posici\u00f3n del acumulado antes de enfrentar la rampa. Cuglievan, con 2.420 pas\u00f3 del primer al tercer lugar.<\/p>\n\n\n\n<p>As\u00ed, las chilenas y la peruana enfrentaron la definici\u00f3n con la obligaci\u00f3n de realizar grandes marcas en salto para asegurar el oro. Cuglievan impuso un mejor registro de 39,1, que oblig\u00f3 a Naser a jugarse todas sus chances. La presi\u00f3n le sent\u00f3 bien a la nacional que paviment\u00f3 su triunfo en la sumatoria con un impresionante vuelo de 38,3, marcando de paso su mejor marca personal.<\/p>\n\n\n\n<p>Con estos n\u00fameros y con el oro asegurado para Chile, Valentina Gonz\u00e1lez sali\u00f3 en busca de un salto de 41,1 metros, marca que le permitir\u00eda destronar a Naser del primer lugar. Y la campeona Odesur de salto estuvo muy cerca luego que impusiera un mejor brinco de 39,9.<\/p>\n\n\n\n<p>Tras el \u00faltimo salto de Gonz\u00e1lez, que fue menor al anterior, vino el festej\u00f3 de Naser y la alegr\u00eda chilena por un impresionante \u201cdoblete\u201d en la prueba madre del esqu\u00ed n\u00e1utico.<\/p>\n\n\n\n<p><strong>OVERAL FEMENINO<\/strong><\/p>\n\n\n\n<ul><li>ORO:&nbsp;<strong>FERNANDA NASER<\/strong>&nbsp;\u2013 CHILE \u2013 2.794 PUNTOS<\/li><li>PLATA:&nbsp;<strong>VALENTINA GONZ\u00c1LEZ<\/strong>&nbsp;\u2013 CHILE \u2013 2.781 PUNTOS<\/li><li>BRONCE:&nbsp;<strong>DELFINA CUGLIEVAN<\/strong>&nbsp;\u2013 PER\u00da \u2013 2.463 PUNTOS<\/li><\/ul>\n","protected":false},"excerpt":{"rendered":"<p>Un total de 13 medallas gan\u00f3 el Team Chile de esqu\u00ed n\u00e1utico en su presentaci\u00f3n en los Juegos Suramericanos de<\/p>\n","protected":false},"author":2,"featured_media":0,"parent":0,"menu_order":0,"comment_status":"closed","ping_status":"closed","template":"","meta":[],"_links":{"self":[{"href":"http:\/\/www.esquinautico.cl\/index.php?rest_route=\/wp\/v2\/pages\/9935"}],"collection":[{"href":"http:\/\/www.esquinautico.cl\/index.php?rest_route=\/wp\/v2\/pages"}],"about":[{"href":"http:\/\/www.esquinautico.cl\/index.php?rest_route=\/wp\/v2\/types\/page"}],"author":[{"embeddable":true,"href":"http:\/\/www.esquinautico.cl\/index.php?rest_route=\/wp\/v2\/users\/2"}],"replies":[{"embeddable":true,"href":"http:\/\/www.esquinautico.cl\/index.php?rest_route=%2Fwp%2Fv2%2Fcomments&post=9935"}],"version-history":[{"count":4,"href":"http:\/\/www.esquinautico.cl\/index.php?rest_route=\/wp\/v2\/pages\/9935\/revisions"}],"predecessor-version":[{"id":9943,"href":"http:\/\/www.esquinautico.cl\/index.php?rest_route=\/wp\/v2\/pages\/9935\/revisions\/9943"}],"wp:attachment":[{"href":"http:\/\/www.esquinautico.cl\/index.php?rest_route=%2Fwp%2Fv2%2Fmedia&parent=9935"}],"curies":[{"name":"wp","href":"https:\/\/api.w.org\/{rel}","templated":true}]}}