{"id":2537,"date":"2012-10-07T16:59:38","date_gmt":"2012-10-07T16:59:38","guid":{"rendered":"http:\/\/www.esquinautico.cl\/?page_id=2537"},"modified":"2017-02-28T14:59:25","modified_gmt":"2017-02-28T14:59:25","slug":"campeonato-mundial-de-esqui-nautico","status":"publish","type":"page","link":"https:\/\/www.esquinautico.cl\/?page_id=2537","title":{"rendered":"Campeonato Mundial de Esqu\u00ed N\u00e1utico 2013"},"content":{"rendered":"<p>Este campeonato marc\u00f3 el hito m\u00e1s grande en la historia del esqu\u00ed n\u00e1utico chileno, luego que Felipe Miranda cumpliera su sue\u00f1o y se consagrara campe\u00f3n mundial del overall. El t\u00edtulo lleg\u00f3 de la mano de una gran actuaci\u00f3n que lo consagr\u00f3 en la final de figuras como el mejor del mundo.<\/p>\n<p>\u201cEstoy feliz. Se cumpli\u00f3 un sue\u00f1o que mucha gente que est\u00e1 detr\u00e1s m\u00edo esperaba hace mucho tiempo. Se abrieron las opciones con salto y hoy sal\u00ed dispuesto a cerrarlo y as\u00ed no depender de nadie. Nunca dud\u00e9 de mis opciones y sab\u00eda que si hac\u00eda mis marcas iba a estar en la pelea por el primer lugar\u201d dijo Miranda quien en 2003 se titul\u00f3 campe\u00f3n mundial junior y en 2008 monarca planetario en Sub21.<\/p>\n<p><strong>RESULTADOS DE LOS ESQUIADORES CHILENOS:<\/strong><\/p>\n<ul>\n<li>1\u00ba &#8211; <strong>Felipe Miranda<\/strong> &#8211; overall &#8211; 2.872<\/li>\n<li>7\u00ba &#8211; Rodrigo Miranda &#8211; overall &#8211; 2.619<\/li>\n<li>14\u00ba &#8211; Santiago Varas &#8211; overall &#8211; 2.045<\/li>\n<li>15\u00ba &#8211; Fernanda Naser &#8211; overall &#8211; 1.574<\/li>\n<li>16\u00ba &#8211; Valentina Gonz\u00e1lez &#8211; overall &#8211; 1.523<\/li>\n<\/ul>\n<ul>\n<li>14\u00ba &#8211; <strong>Diego Gonz\u00e1lez<\/strong> &#8211; slalom &#8211; 3@10,75<\/li>\n<li>20\u00ba &#8211; Felipe Miranda &#8211; slalom &#8211; 2@10,75<\/li>\n<li>25\u00ba &#8211; Fernanda Naser &#8211; slalom &#8211; 3@12,00<\/li>\n<li>30\u00ba &#8211; Rodrigo Miranda &#8211; slalom &#8211; 4@11,25<\/li>\n<li>34\u00ba &#8211; Valentina Gonz\u00e1lez &#8211; slalom &#8211; 2,5@13,00<\/li>\n<li>44\u00ba &#8211; Santiago Varas &#8211; slalom &#8211; 1@11,25<\/li>\n<\/ul>\n<ul>\n<li>5\u00ba &#8211; <strong>Felipe Miranda<\/strong> &#8211; figuras&nbsp;&#8211;&nbsp;9.710<\/li>\n<li>17\u00ba &#8211; Valentina Gonz\u00e1lez&nbsp;&#8211; figuras&nbsp;&#8211;&nbsp;5.270<\/li>\n<li>19\u00ba &#8211; Fernanda Naser &#8211; figuras&nbsp;&#8211; 4.770<\/li>\n<li>19\u00ba &#8211; Rodrigo&nbsp;Miranda &#8211; figuras&nbsp;&#8211; 8.100<\/li>\n<li>26\u00ba &#8211; Santiago Varas &#8211; figuras &#8211; 5.560<\/li>\n<\/ul>\n<ul>\n<li>6\u00ba &#8211; <strong>Felipe Miranda<\/strong> &#8211; salto &#8211; 65,2<\/li>\n<li>7\u00ba &#8211; Rodrigo Miranda &#8211; salto &#8211; 65,9<\/li>\n<li>21\u00ba &#8211; Santiago Varas &#8211; salto &#8211; 59,0<\/li>\n<li>24\u00ba &#8211; Valentina Gonz\u00e1lez &#8211; salto &#8211; 36,8<\/li>\n<li>26\u00ba &#8211; Fernanda Naser &#8211; salto &#8211; 34,9<\/li>\n<\/ul>\n<p><strong>Descargar Resultados completos:<\/strong><\/p>\n<ul>\n<li><a href=\"http:\/\/www.esquinautico.cl\/wp-content\/uploads\/2011\/09\/2013-MUNDIAL-OPEN-CHILE-1.pdf\" rel=\"\">2013 &#8211; MUNDIAL OPEN CHILE<\/a><\/li>\n<\/ul>\n<p>&nbsp;<br \/>\n<iframe loading=\"lazy\" src=\"https:\/\/www.youtube.com\/embed\/Q_OSfaxKACY\" width=\"100%\" height=\"450\" frameborder=\"0\" allowfullscreen=\"allowfullscreen\"><\/iframe><\/p>\n<p><iframe loading=\"lazy\" width=\"100%\" height=\"450\" src=\"https:\/\/www.youtube.com\/embed\/A5S-0lOilaw\" frameborder=\"0\" allowfullscreen><\/iframe><\/p>\n","protected":false},"excerpt":{"rendered":"<p>Este campeonato marc\u00f3 el hito m\u00e1s grande en la historia del esqu\u00ed n\u00e1utico chileno, luego que Felipe Miranda cumpliera su<\/p>\n","protected":false},"author":3,"featured_media":7437,"parent":3452,"menu_order":0,"comment_status":"closed","ping_status":"open","template":"","meta":[],"_links":{"self":[{"href":"https:\/\/www.esquinautico.cl\/index.php?rest_route=\/wp\/v2\/pages\/2537"}],"collection":[{"href":"https:\/\/www.esquinautico.cl\/index.php?rest_route=\/wp\/v2\/pages"}],"about":[{"href":"https:\/\/www.esquinautico.cl\/index.php?rest_route=\/wp\/v2\/types\/page"}],"author":[{"embeddable":true,"href":"https:\/\/www.esquinautico.cl\/index.php?rest_route=\/wp\/v2\/users\/3"}],"replies":[{"embeddable":true,"href":"https:\/\/www.esquinautico.cl\/index.php?rest_route=%2Fwp%2Fv2%2Fcomments&post=2537"}],"version-history":[{"count":10,"href":"https:\/\/www.esquinautico.cl\/index.php?rest_route=\/wp\/v2\/pages\/2537\/revisions"}],"predecessor-version":[{"id":7439,"href":"https:\/\/www.esquinautico.cl\/index.php?rest_route=\/wp\/v2\/pages\/2537\/revisions\/7439"}],"up":[{"embeddable":true,"href":"https:\/\/www.esquinautico.cl\/index.php?rest_route=\/wp\/v2\/pages\/3452"}],"wp:featuredmedia":[{"embeddable":true,"href":"https:\/\/www.esquinautico.cl\/index.php?rest_route=\/wp\/v2\/media\/7437"}],"wp:attachment":[{"href":"https:\/\/www.esquinautico.cl\/index.php?rest_route=%2Fwp%2Fv2%2Fmedia&parent=2537"}],"curies":[{"name":"wp","href":"https:\/\/api.w.org\/{rel}","templated":true}]}}