{"id":283,"date":"2011-09-08T03:33:14","date_gmt":"2011-09-08T03:33:14","guid":{"rendered":"http:\/\/www.esquinautico.cl\/nuevo\/?page_id=283"},"modified":"2018-09-10T18:48:35","modified_gmt":"2018-09-10T18:48:35","slug":"contacto","status":"publish","type":"page","link":"https:\/\/www.esquinautico.cl\/?page_id=283","title":{"rendered":"Contacto"},"content":{"rendered":"<p>Datos de la Federaci\u00f3n:<\/p>\n<p><strong>FEDERACI\u00d3N CHILENA DE ESQU\u00cd N\u00c1UTICO&nbsp;<\/strong><br \/>\n<strong>Av. Ram\u00f3n Cruz 1176, \u00d1u\u00f1oa, Santiago<\/strong><br \/>\n<strong>Region Metropolitana<\/strong><br \/>\n<strong>Chile<\/strong><\/p>\n<ul>\n<li>E-mail: &nbsp;&nbsp; &nbsp;<strong>esquichile@gmail.com<\/strong><\/li>\n<li>Tel\u00e9fono: &nbsp;<strong>227223872<\/strong><\/li>\n<li>Sitio web: <a href=\"http:\/\/www.esquinautico.cl\">http:\/\/www.esquinautico.cl<\/a><\/li>\n<\/ul>\n<p>Si desea contactarnos, puede hacerlo a trav\u00e9s del siguiente formulario.<\/p>\n<p>%%wpcontactform%%<\/p>\n","protected":false},"excerpt":{"rendered":"<p>Datos de la Federaci\u00f3n: FEDERACI\u00d3N CHILENA DE ESQU\u00cd N\u00c1UTICO&nbsp; Av. Ram\u00f3n Cruz 1176, \u00d1u\u00f1oa, Santiago Region Metropolitana Chile E-mail: &nbsp;&nbsp;<\/p>\n","protected":false},"author":2,"featured_media":0,"parent":0,"menu_order":0,"comment_status":"closed","ping_status":"open","template":"","meta":[],"_links":{"self":[{"href":"https:\/\/www.esquinautico.cl\/index.php?rest_route=\/wp\/v2\/pages\/283"}],"collection":[{"href":"https:\/\/www.esquinautico.cl\/index.php?rest_route=\/wp\/v2\/pages"}],"about":[{"href":"https:\/\/www.esquinautico.cl\/index.php?rest_route=\/wp\/v2\/types\/page"}],"author":[{"embeddable":true,"href":"https:\/\/www.esquinautico.cl\/index.php?rest_route=\/wp\/v2\/users\/2"}],"replies":[{"embeddable":true,"href":"https:\/\/www.esquinautico.cl\/index.php?rest_route=%2Fwp%2Fv2%2Fcomments&post=283"}],"version-history":[{"count":9,"href":"https:\/\/www.esquinautico.cl\/index.php?rest_route=\/wp\/v2\/pages\/283\/revisions"}],"predecessor-version":[{"id":8391,"href":"https:\/\/www.esquinautico.cl\/index.php?rest_route=\/wp\/v2\/pages\/283\/revisions\/8391"}],"wp:attachment":[{"href":"https:\/\/www.esquinautico.cl\/index.php?rest_route=%2Fwp%2Fv2%2Fmedia&parent=283"}],"curies":[{"name":"wp","href":"https:\/\/api.w.org\/{rel}","templated":true}]}}