{"id":7654,"date":"2017-04-25T13:37:40","date_gmt":"2017-04-25T13:37:40","guid":{"rendered":"http:\/\/www.esquinautico.cl\/?page_id=7654"},"modified":"2017-04-25T14:19:11","modified_gmt":"2017-04-25T14:19:11","slug":"paris","status":"publish","type":"page","link":"https:\/\/www.esquinautico.cl\/?page_id=7654","title":{"rendered":"CAMPEONATO MUNDIAL OPEN &#8211; PARIS 2017"},"content":{"rendered":"<p>3 &#8211; 10 septiembre<\/p>\n<p><a href=\"http:\/\/www.esquinautico.cl\/wp-content\/uploads\/2015\/08\/MEDALLA-2.jpg\" rel=\"attachment wp-att-7444\"><img loading=\"lazy\" class=\"alignleft size-full wp-image-7444\" src=\"http:\/\/www.esquinautico.cl\/wp-content\/uploads\/2015\/08\/MEDALLA-2.jpg\" alt=\"MEDALLA-2\" width=\"780\" height=\"420\" srcset=\"https:\/\/www.esquinautico.cl\/wp-content\/uploads\/2015\/08\/MEDALLA-2.jpg 780w, https:\/\/www.esquinautico.cl\/wp-content\/uploads\/2015\/08\/MEDALLA-2-300x162.jpg 300w, https:\/\/www.esquinautico.cl\/wp-content\/uploads\/2015\/08\/MEDALLA-2-768x414.jpg 768w\" sizes=\"(max-width: 780px) 100vw, 780px\" \/><\/a><\/p>\n<p>&nbsp;<\/p>\n<p>&nbsp;<\/p>\n<p>Chile enfrentar\u00e1 en septiembre pr\u00f3ximo el Campeonato Mundial Open de Francia, con el gran aliciente de haber ganado medallas en los \u00faltimos tres torneos planetarios de la serie todo competidor. La met\u00e1lica historia reciente de Chile la abri\u00f3 Rodrigo Miranda en Dudna 2011 (Rusia) cuando logr\u00f3 la primera medalla chilena open al ganar el bronce en la final de salto. Dos a\u00f1os m\u00e1s tarde, su hermano Felipe lograr\u00eda el m\u00e1ximo t\u00edtulo para Chile al obtener en Santiago 2013 el oro en el overall y luego repetir\u00eda podio, esta vez en Guadalajara 2015, donde obtuvo el bronce en salto.<\/p>\n<p>En este espacio informaremos qui\u00e9nes clasificar\u00e1n por Chile y detalles de esta nueva expedici\u00f3n chilena al m\u00e1ximo evento del esqu\u00ed n\u00e1utico mundial.<\/p>\n<p><strong>DESCARGAR: <a href=\"http:\/\/www.iwsf.com\/dbheadlines\/headlinefiles\/Bulletin_2_WorldsWaterSki_France_2017_Def_.pdf\">bolet\u00edn oficial<\/a><\/strong><\/p>\n","protected":false},"excerpt":{"rendered":"<p>3 &#8211; 10 septiembre &nbsp; &nbsp; Chile enfrentar\u00e1 en septiembre pr\u00f3ximo el Campeonato Mundial Open de Francia, con el gran<\/p>\n","protected":false},"author":3,"featured_media":0,"parent":288,"menu_order":0,"comment_status":"closed","ping_status":"closed","template":"","meta":[],"_links":{"self":[{"href":"https:\/\/www.esquinautico.cl\/index.php?rest_route=\/wp\/v2\/pages\/7654"}],"collection":[{"href":"https:\/\/www.esquinautico.cl\/index.php?rest_route=\/wp\/v2\/pages"}],"about":[{"href":"https:\/\/www.esquinautico.cl\/index.php?rest_route=\/wp\/v2\/types\/page"}],"author":[{"embeddable":true,"href":"https:\/\/www.esquinautico.cl\/index.php?rest_route=\/wp\/v2\/users\/3"}],"replies":[{"embeddable":true,"href":"https:\/\/www.esquinautico.cl\/index.php?rest_route=%2Fwp%2Fv2%2Fcomments&post=7654"}],"version-history":[{"count":8,"href":"https:\/\/www.esquinautico.cl\/index.php?rest_route=\/wp\/v2\/pages\/7654\/revisions"}],"predecessor-version":[{"id":7667,"href":"https:\/\/www.esquinautico.cl\/index.php?rest_route=\/wp\/v2\/pages\/7654\/revisions\/7667"}],"up":[{"embeddable":true,"href":"https:\/\/www.esquinautico.cl\/index.php?rest_route=\/wp\/v2\/pages\/288"}],"wp:attachment":[{"href":"https:\/\/www.esquinautico.cl\/index.php?rest_route=%2Fwp%2Fv2%2Fmedia&parent=7654"}],"curies":[{"name":"wp","href":"https:\/\/api.w.org\/{rel}","templated":true}]}}